{"id":22,"date":"2023-12-13T09:16:51","date_gmt":"2023-12-13T08:16:51","guid":{"rendered":"http:\/\/embalatgesartesans.com\/nosaltres\/"},"modified":"2024-05-27T19:14:52","modified_gmt":"2024-05-27T17:14:52","slug":"nosotros","status":"publish","type":"page","link":"https:\/\/embalatgesartesans.com\/es\/nosotros\/","title":{"rendered":"Nosotros"},"content":{"rendered":"\t\t<div data-elementor-type=\"wp-page\" data-elementor-id=\"22\" class=\"elementor elementor-22 elementor-18\" data-elementor-post-type=\"page\">\n\t\t\t\t<div class=\"elementor-element elementor-element-8f0a5a4 e-flex e-con-boxed e-con e-parent\" data-id=\"8f0a5a4\" data-element_type=\"container\" data-settings=\"{&quot;background_background&quot;:&quot;classic&quot;,&quot;content_width&quot;:&quot;boxed&quot;}\" data-core-v316-plus=\"true\">\n\t\t\t\t\t<div class=\"e-con-inner\">\n\t\t\t\t<div class=\"elementor-element elementor-element-e497263 elementor-widget elementor-widget-heading\" data-id=\"e497263\" data-element_type=\"widget\" data-widget_type=\"heading.default\">\n\t\t\t\t<div class=\"elementor-widget-container\">\n\t\t\t<style>\/*! elementor - v3.19.0 - 07-02-2024 *\/\n.elementor-heading-title{padding:0;margin:0;line-height:1}.elementor-widget-heading .elementor-heading-title[class*=elementor-size-]>a{color:inherit;font-size:inherit;line-height:inherit}.elementor-widget-heading .elementor-heading-title.elementor-size-small{font-size:15px}.elementor-widget-heading .elementor-heading-title.elementor-size-medium{font-size:19px}.elementor-widget-heading .elementor-heading-title.elementor-size-large{font-size:29px}.elementor-widget-heading .elementor-heading-title.elementor-size-xl{font-size:39px}.elementor-widget-heading .elementor-heading-title.elementor-size-xxl{font-size:59px}<\/style><h2 class=\"elementor-heading-title elementor-size-default\">CAJAS DE MADERA | EMBALATGES ARTESANS<\/h2>\t\t<\/div>\n\t\t\t\t<\/div>\n\t\t\t\t<div class=\"elementor-element elementor-element-7ed2c81 elementor-widget__width-initial elementor-widget elementor-widget-text-editor\" data-id=\"7ed2c81\" data-element_type=\"widget\" data-widget_type=\"text-editor.default\">\n\t\t\t\t<div class=\"elementor-widget-container\">\n\t\t\t<style>\/*! elementor - v3.19.0 - 07-02-2024 *\/\n.elementor-widget-text-editor.elementor-drop-cap-view-stacked .elementor-drop-cap{background-color:#69727d;color:#fff}.elementor-widget-text-editor.elementor-drop-cap-view-framed .elementor-drop-cap{color:#69727d;border:3px solid;background-color:transparent}.elementor-widget-text-editor:not(.elementor-drop-cap-view-default) .elementor-drop-cap{margin-top:8px}.elementor-widget-text-editor:not(.elementor-drop-cap-view-default) .elementor-drop-cap-letter{width:1em;height:1em}.elementor-widget-text-editor .elementor-drop-cap{float:left;text-align:center;line-height:1;font-size:50px}.elementor-widget-text-editor .elementor-drop-cap-letter{display:inline-block}<\/style>\t\t\t\t<p>Nuestros inicios como carpinter\u00eda se remontan al a\u00f1o 1952. Estamos especializados en la construcci\u00f3n de cajas de madera para diferentes sectores. Construimos productos naturales y duraderos, certificados, con sostenibilidad medioambiental y una fabricaci\u00f3n cuidadosa.<\/p>\t\t\t\t\t\t<\/div>\n\t\t\t\t<\/div>\n\t\t\t\t\t<\/div>\n\t\t\t\t<\/div>\n\t\t<div class=\"elementor-element elementor-element-58dfbe9 e-flex e-con-boxed e-con e-parent\" data-id=\"58dfbe9\" data-element_type=\"container\" data-settings=\"{&quot;background_background&quot;:&quot;classic&quot;,&quot;content_width&quot;:&quot;boxed&quot;}\" data-core-v316-plus=\"true\">\n\t\t\t\t\t<div class=\"e-con-inner\">\n\t\t<div class=\"elementor-element elementor-element-89e38fb e-con-full e-flex e-con e-child\" data-id=\"89e38fb\" data-element_type=\"container\" data-settings=\"{&quot;content_width&quot;:&quot;full&quot;}\">\n\t\t\t\t<div class=\"elementor-element elementor-element-f5de73b elementor-widget elementor-widget-image\" data-id=\"f5de73b\" data-element_type=\"widget\" data-widget_type=\"image.default\">\n\t\t\t\t<div class=\"elementor-widget-container\">\n\t\t\t<style>\/*! elementor - v3.19.0 - 07-02-2024 *\/\n.elementor-widget-image{text-align:center}.elementor-widget-image a{display:inline-block}.elementor-widget-image a img[src$=\".svg\"]{width:48px}.elementor-widget-image img{vertical-align:middle;display:inline-block}<\/style>\t\t\t\t\t\t\t\t\t\t<img fetchpriority=\"high\" decoding=\"async\" width=\"470\" height=\"353\" src=\"https:\/\/embalatgesartesans.com\/wp-content\/uploads\/2023\/12\/img04.jpg\" class=\"attachment-full size-full wp-image-740\" alt=\"\" srcset=\"https:\/\/embalatgesartesans.com\/wp-content\/uploads\/2023\/12\/img04.jpg 470w, https:\/\/embalatgesartesans.com\/wp-content\/uploads\/2023\/12\/img04-300x225.jpg 300w\" sizes=\"(max-width: 470px) 100vw, 470px\" \/>\t\t\t\t\t\t\t\t\t\t\t\t\t<\/div>\n\t\t\t\t<\/div>\n\t\t\t\t<\/div>\n\t\t<div class=\"elementor-element elementor-element-a6aabce e-con-full e-flex e-con e-child\" data-id=\"a6aabce\" data-element_type=\"container\" data-settings=\"{&quot;content_width&quot;:&quot;full&quot;}\">\n\t\t\t\t<div class=\"elementor-element elementor-element-d0979fb elementor-widget elementor-widget-heading\" data-id=\"d0979fb\" data-element_type=\"widget\" data-widget_type=\"heading.default\">\n\t\t\t\t<div class=\"elementor-widget-container\">\n\t\t\t<h2 class=\"elementor-heading-title elementor-size-default\">LA MADERA<\/h2>\t\t<\/div>\n\t\t\t\t<\/div>\n\t\t\t\t<div class=\"elementor-element elementor-element-81ee0a4 elementor-widget elementor-widget-text-editor\" data-id=\"81ee0a4\" data-element_type=\"widget\" data-widget_type=\"text-editor.default\">\n\t\t\t\t<div class=\"elementor-widget-container\">\n\t\t\t\t\t\t\t<p>Elemento noble que nos da la naturaleza. Nuestra madera nace en diferentes plantaciones del centro-norte de Galicia. Toda la madera que utilizamos proviene \u00fanicamente de plantaciones controladas, con tratamiento t\u00e9rmico, apta para uso alimentario y con la correspondiente certificaci\u00f3n fitosanitaria IPPC\/H.T.<\/p>\t\t\t\t\t\t<\/div>\n\t\t\t\t<\/div>\n\t\t\t\t<\/div>\n\t\t\t\t\t<\/div>\n\t\t\t\t<\/div>\n\t\t<div class=\"elementor-element elementor-element-44133ce e-flex e-con-boxed e-con e-parent\" data-id=\"44133ce\" data-element_type=\"container\" data-settings=\"{&quot;background_background&quot;:&quot;classic&quot;,&quot;content_width&quot;:&quot;boxed&quot;}\" data-core-v316-plus=\"true\">\n\t\t\t\t\t<div class=\"e-con-inner\">\n\t\t<div class=\"elementor-element elementor-element-6382d1d e-con-full e-flex e-con e-child\" data-id=\"6382d1d\" data-element_type=\"container\" data-settings=\"{&quot;content_width&quot;:&quot;full&quot;}\">\n\t\t\t\t<div class=\"elementor-element elementor-element-0108864 elementor-widget elementor-widget-image\" data-id=\"0108864\" data-element_type=\"widget\" data-widget_type=\"image.default\">\n\t\t\t\t<div class=\"elementor-widget-container\">\n\t\t\t\t\t\t\t\t\t\t\t\t\t<img decoding=\"async\" width=\"470\" height=\"353\" src=\"https:\/\/embalatgesartesans.com\/wp-content\/uploads\/2023\/12\/img02.jpg\" class=\"attachment-full size-full wp-image-732\" alt=\"\" srcset=\"https:\/\/embalatgesartesans.com\/wp-content\/uploads\/2023\/12\/img02.jpg 470w, https:\/\/embalatgesartesans.com\/wp-content\/uploads\/2023\/12\/img02-300x225.jpg 300w\" sizes=\"(max-width: 470px) 100vw, 470px\" \/>\t\t\t\t\t\t\t\t\t\t\t\t\t<\/div>\n\t\t\t\t<\/div>\n\t\t\t\t<\/div>\n\t\t<div class=\"elementor-element elementor-element-6e7b541 e-con-full e-flex e-con e-child\" data-id=\"6e7b541\" data-element_type=\"container\" data-settings=\"{&quot;content_width&quot;:&quot;full&quot;}\">\n\t\t\t\t<div class=\"elementor-element elementor-element-3360b8b elementor-widget elementor-widget-heading\" data-id=\"3360b8b\" data-element_type=\"widget\" data-widget_type=\"heading.default\">\n\t\t\t\t<div class=\"elementor-widget-container\">\n\t\t\t<h2 class=\"elementor-heading-title elementor-size-default\">EL COMPROMISO<\/h2>\t\t<\/div>\n\t\t\t\t<\/div>\n\t\t\t\t<div class=\"elementor-element elementor-element-1ca2328 elementor-widget elementor-widget-text-editor\" data-id=\"1ca2328\" data-element_type=\"widget\" data-widget_type=\"text-editor.default\">\n\t\t\t\t<div class=\"elementor-widget-container\">\n\t\t\t\t\t\t\t<p>Nuestra empresa ya apost\u00f3 decididamente por el uso de las energ\u00edas renovables a finales del a\u00f1o 1999 con una instalaci\u00f3n pionera, obteniendo el reconocimiento por parte del Instituto Catal\u00e1n de la Energ\u00eda de la Generalitat de Catalu\u00f1a.<\/p><p>Actualmente, a trav\u00e9s de nuestra propia planta de energ\u00eda solar fotovoltaica generamos m\u00e1s energ\u00eda de la que consumimos, revirtiendo este diferencial al consumo del municipio.<\/p>\t\t\t\t\t\t<\/div>\n\t\t\t\t<\/div>\n\t\t\t\t<\/div>\n\t\t\t\t\t<\/div>\n\t\t\t\t<\/div>\n\t\t<div class=\"elementor-element elementor-element-f58f004 e-flex e-con-boxed e-con e-parent\" data-id=\"f58f004\" data-element_type=\"container\" data-settings=\"{&quot;background_background&quot;:&quot;classic&quot;,&quot;content_width&quot;:&quot;boxed&quot;}\" data-core-v316-plus=\"true\">\n\t\t\t\t\t<div class=\"e-con-inner\">\n\t\t<div class=\"elementor-element elementor-element-ed67573 e-con-full e-flex e-con e-child\" data-id=\"ed67573\" data-element_type=\"container\" data-settings=\"{&quot;content_width&quot;:&quot;full&quot;}\">\n\t\t\t\t<div class=\"elementor-element elementor-element-4074802 elementor-widget elementor-widget-image\" data-id=\"4074802\" data-element_type=\"widget\" data-widget_type=\"image.default\">\n\t\t\t\t<div class=\"elementor-widget-container\">\n\t\t\t\t\t\t\t\t\t\t\t\t\t<img decoding=\"async\" width=\"470\" height=\"353\" src=\"https:\/\/embalatgesartesans.com\/wp-content\/uploads\/2023\/12\/img03.jpg\" class=\"attachment-full size-full wp-image-736\" alt=\"\" srcset=\"https:\/\/embalatgesartesans.com\/wp-content\/uploads\/2023\/12\/img03.jpg 470w, https:\/\/embalatgesartesans.com\/wp-content\/uploads\/2023\/12\/img03-300x225.jpg 300w\" sizes=\"(max-width: 470px) 100vw, 470px\" \/>\t\t\t\t\t\t\t\t\t\t\t\t\t<\/div>\n\t\t\t\t<\/div>\n\t\t\t\t<\/div>\n\t\t<div class=\"elementor-element elementor-element-5f58d46 e-con-full e-flex e-con e-child\" data-id=\"5f58d46\" data-element_type=\"container\" data-settings=\"{&quot;content_width&quot;:&quot;full&quot;}\">\n\t\t\t\t<div class=\"elementor-element elementor-element-bde64b4 elementor-widget elementor-widget-heading\" data-id=\"bde64b4\" data-element_type=\"widget\" data-widget_type=\"heading.default\">\n\t\t\t\t<div class=\"elementor-widget-container\">\n\t\t\t<h2 class=\"elementor-heading-title elementor-size-default\">LA GESTI\u00d3N<\/h2>\t\t<\/div>\n\t\t\t\t<\/div>\n\t\t\t\t<div class=\"elementor-element elementor-element-f311002 elementor-widget elementor-widget-text-editor\" data-id=\"f311002\" data-element_type=\"widget\" data-widget_type=\"text-editor.default\">\n\t\t\t\t<div class=\"elementor-widget-container\">\n\t\t\t\t\t\t\t<p>Nuestro sistema de trabajo es consecuente con las necesidades de cada cliente, ofreciendo soluciones r\u00e1pidas y efectivas. A pesar de que el proceso de manufactura puede llevar tiempo, establecemos plazos de entrega reales y ajustados. <br \/><br \/>Adem\u00e1s, nos encargamos de todo lo relacionado con la parte gr\u00e1fica, incluyendo tanto dise\u00f1o como rotulaci\u00f3n.<\/p>\t\t\t\t\t\t<\/div>\n\t\t\t\t<\/div>\n\t\t\t\t<\/div>\n\t\t\t\t\t<\/div>\n\t\t\t\t<\/div>\n\t\t<div class=\"elementor-element elementor-element-1266296 e-flex e-con-boxed e-con e-parent\" data-id=\"1266296\" data-element_type=\"container\" data-settings=\"{&quot;background_background&quot;:&quot;classic&quot;,&quot;content_width&quot;:&quot;boxed&quot;}\" data-core-v316-plus=\"true\">\n\t\t\t\t\t<div class=\"e-con-inner\">\n\t\t<div class=\"elementor-element elementor-element-0548c15 e-con-full e-flex e-con e-child\" data-id=\"0548c15\" data-element_type=\"container\" data-settings=\"{&quot;content_width&quot;:&quot;full&quot;}\">\n\t\t\t\t<div class=\"elementor-element elementor-element-25ace66 elementor-widget elementor-widget-image\" data-id=\"25ace66\" data-element_type=\"widget\" data-widget_type=\"image.default\">\n\t\t\t\t<div class=\"elementor-widget-container\">\n\t\t\t\t\t\t\t\t\t\t\t\t\t<img loading=\"lazy\" decoding=\"async\" width=\"470\" height=\"353\" src=\"https:\/\/embalatgesartesans.com\/wp-content\/uploads\/2023\/12\/img01.jpg\" class=\"attachment-full size-full wp-image-728\" alt=\"\" srcset=\"https:\/\/embalatgesartesans.com\/wp-content\/uploads\/2023\/12\/img01.jpg 470w, https:\/\/embalatgesartesans.com\/wp-content\/uploads\/2023\/12\/img01-300x225.jpg 300w\" sizes=\"(max-width: 470px) 100vw, 470px\" \/>\t\t\t\t\t\t\t\t\t\t\t\t\t<\/div>\n\t\t\t\t<\/div>\n\t\t\t\t<\/div>\n\t\t<div class=\"elementor-element elementor-element-161f026 e-con-full e-flex e-con e-child\" data-id=\"161f026\" data-element_type=\"container\" data-settings=\"{&quot;content_width&quot;:&quot;full&quot;}\">\n\t\t\t\t<div class=\"elementor-element elementor-element-1957985 elementor-widget elementor-widget-heading\" data-id=\"1957985\" data-element_type=\"widget\" data-widget_type=\"heading.default\">\n\t\t\t\t<div class=\"elementor-widget-container\">\n\t\t\t<h2 class=\"elementor-heading-title elementor-size-default\">EL TRABAJO<\/h2>\t\t<\/div>\n\t\t\t\t<\/div>\n\t\t\t\t<div class=\"elementor-element elementor-element-547898b elementor-widget elementor-widget-text-editor\" data-id=\"547898b\" data-element_type=\"widget\" data-widget_type=\"text-editor.default\">\n\t\t\t\t<div class=\"elementor-widget-container\">\n\t\t\t\t\t\t\t<p>Nuestro trabajo se realiza de forma mec\u00e1nica y manual por igual. Todos nuestros productos son \u00fanicos. Personalizamos muy bien todos los trabajos que realizamos y nos adaptamos a las necesidades espec\u00edficas de cada cliente. Logotipados, te\u00f1idos, envejecidos&#8230; Conseguimos diferenciar su producto.<\/p>\t\t\t\t\t\t<\/div>\n\t\t\t\t<\/div>\n\t\t\t\t<\/div>\n\t\t\t\t\t<\/div>\n\t\t\t\t<\/div>\n\t\t<div class=\"elementor-element elementor-element-b7bb6ca e-flex e-con-boxed e-con e-parent\" data-id=\"b7bb6ca\" data-element_type=\"container\" data-settings=\"{&quot;background_background&quot;:&quot;classic&quot;,&quot;content_width&quot;:&quot;boxed&quot;}\" data-core-v316-plus=\"true\">\n\t\t\t\t\t<div class=\"e-con-inner\">\n\t\t<div class=\"elementor-element elementor-element-ca0ec4d e-con-full e-flex e-con e-child\" data-id=\"ca0ec4d\" data-element_type=\"container\" data-settings=\"{&quot;content_width&quot;:&quot;full&quot;}\">\n\t\t\t\t<div class=\"elementor-element elementor-element-72858e1 elementor-widget elementor-widget-image\" data-id=\"72858e1\" data-element_type=\"widget\" data-widget_type=\"image.default\">\n\t\t\t\t<div class=\"elementor-widget-container\">\n\t\t\t\t\t\t\t\t\t\t\t\t\t<img loading=\"lazy\" decoding=\"async\" width=\"470\" height=\"353\" src=\"https:\/\/embalatgesartesans.com\/wp-content\/uploads\/2023\/12\/img05.jpg\" class=\"attachment-full size-full wp-image-744\" alt=\"\" srcset=\"https:\/\/embalatgesartesans.com\/wp-content\/uploads\/2023\/12\/img05.jpg 470w, https:\/\/embalatgesartesans.com\/wp-content\/uploads\/2023\/12\/img05-300x225.jpg 300w\" sizes=\"(max-width: 470px) 100vw, 470px\" \/>\t\t\t\t\t\t\t\t\t\t\t\t\t<\/div>\n\t\t\t\t<\/div>\n\t\t\t\t<\/div>\n\t\t<div class=\"elementor-element elementor-element-4e9b59e e-con-full e-flex e-con e-child\" data-id=\"4e9b59e\" data-element_type=\"container\" data-settings=\"{&quot;content_width&quot;:&quot;full&quot;}\">\n\t\t\t\t<div class=\"elementor-element elementor-element-7ce28e8 elementor-widget elementor-widget-heading\" data-id=\"7ce28e8\" data-element_type=\"widget\" data-widget_type=\"heading.default\">\n\t\t\t\t<div class=\"elementor-widget-container\">\n\t\t\t<h2 class=\"elementor-heading-title elementor-size-default\">LOS RESIDUOS<\/h2>\t\t<\/div>\n\t\t\t\t<\/div>\n\t\t\t\t<div class=\"elementor-element elementor-element-310f440 elementor-widget elementor-widget-text-editor\" data-id=\"310f440\" data-element_type=\"widget\" data-widget_type=\"text-editor.default\">\n\t\t\t\t<div class=\"elementor-widget-container\">\n\t\t\t\t\t\t\t<p>Todos los restos y sobrantes (ya de por s\u00ed minimizados) que generamos son arrojados en contenedores espec\u00edficos para su reciclaje, para hacer tableros aglomerados o briquetas para calefacciones. Las virutas y astillas producidas son debidamente ensacadas y aprovechadas para su uso como base en granjas de cr\u00eda de aves.<\/p>\t\t\t\t\t\t<\/div>\n\t\t\t\t<\/div>\n\t\t\t\t<\/div>\n\t\t\t\t\t<\/div>\n\t\t\t\t<\/div>\n\t\t<div class=\"elementor-element elementor-element-4b207ef e-flex e-con-boxed e-con e-parent\" data-id=\"4b207ef\" data-element_type=\"container\" data-settings=\"{&quot;background_background&quot;:&quot;classic&quot;,&quot;content_width&quot;:&quot;boxed&quot;}\" data-core-v316-plus=\"true\">\n\t\t\t\t\t<div class=\"e-con-inner\">\n\t\t<div class=\"elementor-element elementor-element-6946202 e-con-full e-flex e-con e-child\" data-id=\"6946202\" data-element_type=\"container\" data-settings=\"{&quot;content_width&quot;:&quot;full&quot;}\">\n\t\t\t\t<div class=\"elementor-element elementor-element-5d5694f elementor-widget elementor-widget-image\" data-id=\"5d5694f\" data-element_type=\"widget\" data-widget_type=\"image.default\">\n\t\t\t\t<div class=\"elementor-widget-container\">\n\t\t\t\t\t\t\t\t\t\t\t\t\t<img loading=\"lazy\" decoding=\"async\" width=\"470\" height=\"353\" src=\"https:\/\/embalatgesartesans.com\/wp-content\/uploads\/2023\/12\/img06.jpg\" class=\"attachment-full size-full wp-image-748\" alt=\"\" srcset=\"https:\/\/embalatgesartesans.com\/wp-content\/uploads\/2023\/12\/img06.jpg 470w, https:\/\/embalatgesartesans.com\/wp-content\/uploads\/2023\/12\/img06-300x225.jpg 300w\" sizes=\"(max-width: 470px) 100vw, 470px\" \/>\t\t\t\t\t\t\t\t\t\t\t\t\t<\/div>\n\t\t\t\t<\/div>\n\t\t\t\t<\/div>\n\t\t<div class=\"elementor-element elementor-element-7b5a3a9 e-con-full e-flex e-con e-child\" data-id=\"7b5a3a9\" data-element_type=\"container\" data-settings=\"{&quot;content_width&quot;:&quot;full&quot;}\">\n\t\t\t\t<div class=\"elementor-element elementor-element-950f6b6 elementor-widget elementor-widget-heading\" data-id=\"950f6b6\" data-element_type=\"widget\" data-widget_type=\"heading.default\">\n\t\t\t\t<div class=\"elementor-widget-container\">\n\t\t\t<h2 class=\"elementor-heading-title elementor-size-default\">LA LOG\u00cdSTICA<\/h2>\t\t<\/div>\n\t\t\t\t<\/div>\n\t\t\t\t<div class=\"elementor-element elementor-element-ee6af40 elementor-widget elementor-widget-text-editor\" data-id=\"ee6af40\" data-element_type=\"widget\" data-widget_type=\"text-editor.default\">\n\t\t\t\t<div class=\"elementor-widget-container\">\n\t\t\t\t\t\t\t<p>Tenemos amplios espacios para regular y almacenar sus pedidos. Nos adaptamos a sus necesidades y estamos abiertos a cualquier propuesta. <br \/><br \/>Adem\u00e1s, ofrecemos un amplio stock permanente de modelos de cajas normalizadas y multiusos para atender pedidos r\u00e1pidos.<\/p>\t\t\t\t\t\t<\/div>\n\t\t\t\t<\/div>\n\t\t\t\t<\/div>\n\t\t\t\t\t<\/div>\n\t\t\t\t<\/div>\n\t\t<div class=\"elementor-element elementor-element-c2c954a e-flex e-con-boxed e-con e-parent\" data-id=\"c2c954a\" data-element_type=\"container\" data-settings=\"{&quot;content_width&quot;:&quot;boxed&quot;}\" data-core-v316-plus=\"true\">\n\t\t\t\t\t<div class=\"e-con-inner\">\n\t\t\t\t<div class=\"elementor-element elementor-element-7ab51e6 elementor-widget elementor-widget-heading\" data-id=\"7ab51e6\" data-element_type=\"widget\" data-widget_type=\"heading.default\">\n\t\t\t\t<div class=\"elementor-widget-container\">\n\t\t\t<h2 class=\"elementor-heading-title elementor-size-default\">\u00bfNecesitas m\u00e1s informaci\u00f3n?<\/h2>\t\t<\/div>\n\t\t\t\t<\/div>\n\t\t\t\t<div class=\"elementor-element elementor-element-2374233 elementor-align-center elementor-widget elementor-widget-button\" data-id=\"2374233\" data-element_type=\"widget\" data-widget_type=\"button.default\">\n\t\t\t\t<div class=\"elementor-widget-container\">\n\t\t\t\t\t<div class=\"elementor-button-wrapper\">\n\t\t\t<a class=\"elementor-button elementor-button-link elementor-size-sm\" href=\"https:\/\/embalatgesartesans.com\/es\/contacto\/\">\n\t\t\t\t\t\t<span class=\"elementor-button-content-wrapper\">\n\t\t\t\t\t\t<span class=\"elementor-button-text\">contactad con nosotros<\/span>\n\t\t<\/span>\n\t\t\t\t\t<\/a>\n\t\t<\/div>\n\t\t\t\t<\/div>\n\t\t\t\t<\/div>\n\t\t\t\t\t<\/div>\n\t\t\t\t<\/div>\n\t\t\t\t<\/div>\n\t\t","protected":false},"excerpt":{"rendered":"<p>CAJAS DE MADERA | EMBALATGES ARTESANS Nuestros inicios como carpinter\u00eda se remontan al a\u00f1o 1952. Estamos especializados en la construcci\u00f3n de cajas de madera para diferentes sectores. Construimos productos naturales y duraderos, certificados, con sostenibilidad medioambiental y una fabricaci\u00f3n cuidadosa. LA MADERA Elemento noble que nos da la naturaleza. Nuestra madera nace en diferentes plantaciones [&hellip;]<\/p>\n","protected":false},"author":1,"featured_media":0,"parent":0,"menu_order":2,"comment_status":"closed","ping_status":"closed","template":"","meta":{"footnotes":""},"class_list":["post-22","page","type-page","status-publish","hentry"],"_links":{"self":[{"href":"https:\/\/embalatgesartesans.com\/es\/wp-json\/wp\/v2\/pages\/22","targetHints":{"allow":["GET"]}}],"collection":[{"href":"https:\/\/embalatgesartesans.com\/es\/wp-json\/wp\/v2\/pages"}],"about":[{"href":"https:\/\/embalatgesartesans.com\/es\/wp-json\/wp\/v2\/types\/page"}],"author":[{"embeddable":true,"href":"https:\/\/embalatgesartesans.com\/es\/wp-json\/wp\/v2\/users\/1"}],"replies":[{"embeddable":true,"href":"https:\/\/embalatgesartesans.com\/es\/wp-json\/wp\/v2\/comments?post=22"}],"version-history":[{"count":45,"href":"https:\/\/embalatgesartesans.com\/es\/wp-json\/wp\/v2\/pages\/22\/revisions"}],"predecessor-version":[{"id":2221,"href":"https:\/\/embalatgesartesans.com\/es\/wp-json\/wp\/v2\/pages\/22\/revisions\/2221"}],"wp:attachment":[{"href":"https:\/\/embalatgesartesans.com\/es\/wp-json\/wp\/v2\/media?parent=22"}],"curies":[{"name":"wp","href":"https:\/\/api.w.org\/{rel}","templated":true}]}}