{"id":21,"date":"2023-12-13T09:16:51","date_gmt":"2023-12-13T08:16:51","guid":{"rendered":"http:\/\/embalatgesartesans.com\/nosaltres\/"},"modified":"2024-01-11T11:52:38","modified_gmt":"2024-01-11T10:52:38","slug":"nous","status":"publish","type":"page","link":"https:\/\/embalatgesartesans.com\/fr\/nous\/","title":{"rendered":"Nous"},"content":{"rendered":"\t\t<div data-elementor-type=\"wp-page\" data-elementor-id=\"21\" class=\"elementor elementor-21 elementor-18\" data-elementor-post-type=\"page\">\n\t\t\t\t<div class=\"elementor-element elementor-element-8f0a5a4 e-flex e-con-boxed e-con e-parent\" data-id=\"8f0a5a4\" data-element_type=\"container\" data-settings=\"{&quot;background_background&quot;:&quot;classic&quot;,&quot;content_width&quot;:&quot;boxed&quot;}\" data-core-v316-plus=\"true\">\n\t\t\t\t\t<div class=\"e-con-inner\">\n\t\t\t\t<div class=\"elementor-element elementor-element-e497263 elementor-widget elementor-widget-heading\" data-id=\"e497263\" data-element_type=\"widget\" data-widget_type=\"heading.default\">\n\t\t\t\t<div class=\"elementor-widget-container\">\n\t\t\t<style>\/*! elementor - v3.19.0 - 07-02-2024 *\/\n.elementor-heading-title{padding:0;margin:0;line-height:1}.elementor-widget-heading .elementor-heading-title[class*=elementor-size-]>a{color:inherit;font-size:inherit;line-height:inherit}.elementor-widget-heading .elementor-heading-title.elementor-size-small{font-size:15px}.elementor-widget-heading .elementor-heading-title.elementor-size-medium{font-size:19px}.elementor-widget-heading .elementor-heading-title.elementor-size-large{font-size:29px}.elementor-widget-heading .elementor-heading-title.elementor-size-xl{font-size:39px}.elementor-widget-heading .elementor-heading-title.elementor-size-xxl{font-size:59px}<\/style><h2 class=\"elementor-heading-title elementor-size-default\">BO\u00ceTES EN BOIS | EMBALATGES ARTESANS<\/h2>\t\t<\/div>\n\t\t\t\t<\/div>\n\t\t\t\t<div class=\"elementor-element elementor-element-7ed2c81 elementor-widget__width-initial elementor-widget elementor-widget-text-editor\" data-id=\"7ed2c81\" data-element_type=\"widget\" data-widget_type=\"text-editor.default\">\n\t\t\t\t<div class=\"elementor-widget-container\">\n\t\t\t<style>\/*! elementor - v3.19.0 - 07-02-2024 *\/\n.elementor-widget-text-editor.elementor-drop-cap-view-stacked .elementor-drop-cap{background-color:#69727d;color:#fff}.elementor-widget-text-editor.elementor-drop-cap-view-framed .elementor-drop-cap{color:#69727d;border:3px solid;background-color:transparent}.elementor-widget-text-editor:not(.elementor-drop-cap-view-default) .elementor-drop-cap{margin-top:8px}.elementor-widget-text-editor:not(.elementor-drop-cap-view-default) .elementor-drop-cap-letter{width:1em;height:1em}.elementor-widget-text-editor .elementor-drop-cap{float:left;text-align:center;line-height:1;font-size:50px}.elementor-widget-text-editor .elementor-drop-cap-letter{display:inline-block}<\/style>\t\t\t\t<p>Nos d\u00e9buts en tant que menuiserie remontent \u00e0 1952. Nous sommes sp\u00e9cialis\u00e9s dans la construction de caisses en bois pour diff\u00e9rents secteurs. Nous construisons des produits naturels et durables certifi\u00e9s, avec une durabilit\u00e9 environnementale et une fabrication pr\u00e9cise.<\/p>\t\t\t\t\t\t<\/div>\n\t\t\t\t<\/div>\n\t\t\t\t\t<\/div>\n\t\t\t\t<\/div>\n\t\t<div class=\"elementor-element elementor-element-58dfbe9 e-flex e-con-boxed e-con e-parent\" data-id=\"58dfbe9\" data-element_type=\"container\" data-settings=\"{&quot;background_background&quot;:&quot;classic&quot;,&quot;content_width&quot;:&quot;boxed&quot;}\" data-core-v316-plus=\"true\">\n\t\t\t\t\t<div class=\"e-con-inner\">\n\t\t<div class=\"elementor-element elementor-element-89e38fb e-con-full e-flex e-con e-child\" data-id=\"89e38fb\" data-element_type=\"container\" data-settings=\"{&quot;content_width&quot;:&quot;full&quot;}\">\n\t\t\t\t<div class=\"elementor-element elementor-element-f5de73b elementor-widget elementor-widget-image\" data-id=\"f5de73b\" data-element_type=\"widget\" data-widget_type=\"image.default\">\n\t\t\t\t<div class=\"elementor-widget-container\">\n\t\t\t<style>\/*! elementor - v3.19.0 - 07-02-2024 *\/\n.elementor-widget-image{text-align:center}.elementor-widget-image a{display:inline-block}.elementor-widget-image a img[src$=\".svg\"]{width:48px}.elementor-widget-image img{vertical-align:middle;display:inline-block}<\/style>\t\t\t\t\t\t\t\t\t\t<img fetchpriority=\"high\" decoding=\"async\" width=\"470\" height=\"353\" src=\"https:\/\/embalatgesartesans.com\/wp-content\/uploads\/2023\/12\/img04.jpg\" class=\"attachment-full size-full wp-image-740\" alt=\"\" srcset=\"https:\/\/embalatgesartesans.com\/wp-content\/uploads\/2023\/12\/img04.jpg 470w, https:\/\/embalatgesartesans.com\/wp-content\/uploads\/2023\/12\/img04-300x225.jpg 300w\" sizes=\"(max-width: 470px) 100vw, 470px\" \/>\t\t\t\t\t\t\t\t\t\t\t\t\t<\/div>\n\t\t\t\t<\/div>\n\t\t\t\t<\/div>\n\t\t<div class=\"elementor-element elementor-element-a6aabce e-con-full e-flex e-con e-child\" data-id=\"a6aabce\" data-element_type=\"container\" data-settings=\"{&quot;content_width&quot;:&quot;full&quot;}\">\n\t\t\t\t<div class=\"elementor-element elementor-element-d0979fb elementor-widget elementor-widget-heading\" data-id=\"d0979fb\" data-element_type=\"widget\" data-widget_type=\"heading.default\">\n\t\t\t\t<div class=\"elementor-widget-container\">\n\t\t\t<h2 class=\"elementor-heading-title elementor-size-default\">BOIS<\/h2>\t\t<\/div>\n\t\t\t\t<\/div>\n\t\t\t\t<div class=\"elementor-element elementor-element-81ee0a4 elementor-widget elementor-widget-text-editor\" data-id=\"81ee0a4\" data-element_type=\"widget\" data-widget_type=\"text-editor.default\">\n\t\t\t\t<div class=\"elementor-widget-container\">\n\t\t\t\t\t\t\t<p>Noble \u00e9l\u00e9ments que la nature offre. Nos bois est n\u00e9 en differentes plantation du centre de galicia, tout le bois que nous utilisons provient plantation seulement avec commande de traitement thermique adapte pour une utilisation avec des aliments et de certification des plantes IPPC\/H.T.<\/p>\t\t\t\t\t\t<\/div>\n\t\t\t\t<\/div>\n\t\t\t\t<\/div>\n\t\t\t\t\t<\/div>\n\t\t\t\t<\/div>\n\t\t<div class=\"elementor-element elementor-element-44133ce e-flex e-con-boxed e-con e-parent\" data-id=\"44133ce\" data-element_type=\"container\" data-settings=\"{&quot;background_background&quot;:&quot;classic&quot;,&quot;content_width&quot;:&quot;boxed&quot;}\" data-core-v316-plus=\"true\">\n\t\t\t\t\t<div class=\"e-con-inner\">\n\t\t<div class=\"elementor-element elementor-element-6382d1d e-con-full e-flex e-con e-child\" data-id=\"6382d1d\" data-element_type=\"container\" data-settings=\"{&quot;content_width&quot;:&quot;full&quot;}\">\n\t\t\t\t<div class=\"elementor-element elementor-element-0108864 elementor-widget elementor-widget-image\" data-id=\"0108864\" data-element_type=\"widget\" data-widget_type=\"image.default\">\n\t\t\t\t<div class=\"elementor-widget-container\">\n\t\t\t\t\t\t\t\t\t\t\t\t\t<img decoding=\"async\" width=\"470\" height=\"353\" src=\"https:\/\/embalatgesartesans.com\/wp-content\/uploads\/2023\/12\/img02.jpg\" class=\"attachment-full size-full wp-image-732\" alt=\"\" srcset=\"https:\/\/embalatgesartesans.com\/wp-content\/uploads\/2023\/12\/img02.jpg 470w, https:\/\/embalatgesartesans.com\/wp-content\/uploads\/2023\/12\/img02-300x225.jpg 300w\" sizes=\"(max-width: 470px) 100vw, 470px\" \/>\t\t\t\t\t\t\t\t\t\t\t\t\t<\/div>\n\t\t\t\t<\/div>\n\t\t\t\t<\/div>\n\t\t<div class=\"elementor-element elementor-element-6e7b541 e-con-full e-flex e-con e-child\" data-id=\"6e7b541\" data-element_type=\"container\" data-settings=\"{&quot;content_width&quot;:&quot;full&quot;}\">\n\t\t\t\t<div class=\"elementor-element elementor-element-3360b8b elementor-widget elementor-widget-heading\" data-id=\"3360b8b\" data-element_type=\"widget\" data-widget_type=\"heading.default\">\n\t\t\t\t<div class=\"elementor-widget-container\">\n\t\t\t<h2 class=\"elementor-heading-title elementor-size-default\">ENGAGEMENT<\/h2>\t\t<\/div>\n\t\t\t\t<\/div>\n\t\t\t\t<div class=\"elementor-element elementor-element-1ca2328 elementor-widget elementor-widget-text-editor\" data-id=\"1ca2328\" data-element_type=\"widget\" data-widget_type=\"text-editor.default\">\n\t\t\t\t<div class=\"elementor-widget-container\">\n\t\t\t\t\t\t\t<p>Gamble notre pays et vivement pour l&rsquo;utilisation des \u00e9nergies renouvelables en fin de 1999 avec une structure pionni\u00e8re, obtenir la reconnaissance de l&rsquo;institut catalan de l&rsquo;\u00e9nergie du gouvernement de la catalogne les l&rsquo;ann\u00e9e prochaine.\u00a0<\/p><p>Actuellement, gr\u00e2ce \u00e0 notre propre usine d&rsquo;\u00e9nergie solaire g\u00e9n\u00e8re plus d&rsquo;\u00e9nergie qu&rsquo;il n&rsquo;en consomme photovolta\u00efque, inverser cette differentiel pour la consommation de notre ville.<\/p>\t\t\t\t\t\t<\/div>\n\t\t\t\t<\/div>\n\t\t\t\t<\/div>\n\t\t\t\t\t<\/div>\n\t\t\t\t<\/div>\n\t\t<div class=\"elementor-element elementor-element-f58f004 e-flex e-con-boxed e-con e-parent\" data-id=\"f58f004\" data-element_type=\"container\" data-settings=\"{&quot;background_background&quot;:&quot;classic&quot;,&quot;content_width&quot;:&quot;boxed&quot;}\" data-core-v316-plus=\"true\">\n\t\t\t\t\t<div class=\"e-con-inner\">\n\t\t<div class=\"elementor-element elementor-element-ed67573 e-con-full e-flex e-con e-child\" data-id=\"ed67573\" data-element_type=\"container\" data-settings=\"{&quot;content_width&quot;:&quot;full&quot;}\">\n\t\t\t\t<div class=\"elementor-element elementor-element-4074802 elementor-widget elementor-widget-image\" data-id=\"4074802\" data-element_type=\"widget\" data-widget_type=\"image.default\">\n\t\t\t\t<div class=\"elementor-widget-container\">\n\t\t\t\t\t\t\t\t\t\t\t\t\t<img decoding=\"async\" width=\"470\" height=\"353\" src=\"https:\/\/embalatgesartesans.com\/wp-content\/uploads\/2023\/12\/img03.jpg\" class=\"attachment-full size-full wp-image-736\" alt=\"\" srcset=\"https:\/\/embalatgesartesans.com\/wp-content\/uploads\/2023\/12\/img03.jpg 470w, https:\/\/embalatgesartesans.com\/wp-content\/uploads\/2023\/12\/img03-300x225.jpg 300w\" sizes=\"(max-width: 470px) 100vw, 470px\" \/>\t\t\t\t\t\t\t\t\t\t\t\t\t<\/div>\n\t\t\t\t<\/div>\n\t\t\t\t<\/div>\n\t\t<div class=\"elementor-element elementor-element-5f58d46 e-con-full e-flex e-con e-child\" data-id=\"5f58d46\" data-element_type=\"container\" data-settings=\"{&quot;content_width&quot;:&quot;full&quot;}\">\n\t\t\t\t<div class=\"elementor-element elementor-element-bde64b4 elementor-widget elementor-widget-heading\" data-id=\"bde64b4\" data-element_type=\"widget\" data-widget_type=\"heading.default\">\n\t\t\t\t<div class=\"elementor-widget-container\">\n\t\t\t<h2 class=\"elementor-heading-title elementor-size-default\">MANAGMENT<\/h2>\t\t<\/div>\n\t\t\t\t<\/div>\n\t\t\t\t<div class=\"elementor-element elementor-element-f311002 elementor-widget elementor-widget-text-editor\" data-id=\"f311002\" data-element_type=\"widget\" data-widget_type=\"text-editor.default\">\n\t\t\t\t<div class=\"elementor-widget-container\">\n\t\t\t\t\t\t\t<p>Notre syst\u00e8me de travail est coh\u00e9rente avec les besoins des clients individuels vite je efficace. Mettre en place des effectifs de livraison et ajust\u00e9e.<\/p><p>Nous prenons soin du graphisme, marquage et design.<\/p>\t\t\t\t\t\t<\/div>\n\t\t\t\t<\/div>\n\t\t\t\t<\/div>\n\t\t\t\t\t<\/div>\n\t\t\t\t<\/div>\n\t\t<div class=\"elementor-element elementor-element-1266296 e-flex e-con-boxed e-con e-parent\" data-id=\"1266296\" data-element_type=\"container\" data-settings=\"{&quot;background_background&quot;:&quot;classic&quot;,&quot;content_width&quot;:&quot;boxed&quot;}\" data-core-v316-plus=\"true\">\n\t\t\t\t\t<div class=\"e-con-inner\">\n\t\t<div class=\"elementor-element elementor-element-0548c15 e-con-full e-flex e-con e-child\" data-id=\"0548c15\" data-element_type=\"container\" data-settings=\"{&quot;content_width&quot;:&quot;full&quot;}\">\n\t\t\t\t<div class=\"elementor-element elementor-element-25ace66 elementor-widget elementor-widget-image\" data-id=\"25ace66\" data-element_type=\"widget\" data-widget_type=\"image.default\">\n\t\t\t\t<div class=\"elementor-widget-container\">\n\t\t\t\t\t\t\t\t\t\t\t\t\t<img loading=\"lazy\" decoding=\"async\" width=\"470\" height=\"353\" src=\"https:\/\/embalatgesartesans.com\/wp-content\/uploads\/2023\/12\/img01.jpg\" class=\"attachment-full size-full wp-image-728\" alt=\"\" srcset=\"https:\/\/embalatgesartesans.com\/wp-content\/uploads\/2023\/12\/img01.jpg 470w, https:\/\/embalatgesartesans.com\/wp-content\/uploads\/2023\/12\/img01-300x225.jpg 300w\" sizes=\"(max-width: 470px) 100vw, 470px\" \/>\t\t\t\t\t\t\t\t\t\t\t\t\t<\/div>\n\t\t\t\t<\/div>\n\t\t\t\t<\/div>\n\t\t<div class=\"elementor-element elementor-element-161f026 e-con-full e-flex e-con e-child\" data-id=\"161f026\" data-element_type=\"container\" data-settings=\"{&quot;content_width&quot;:&quot;full&quot;}\">\n\t\t\t\t<div class=\"elementor-element elementor-element-1957985 elementor-widget elementor-widget-heading\" data-id=\"1957985\" data-element_type=\"widget\" data-widget_type=\"heading.default\">\n\t\t\t\t<div class=\"elementor-widget-container\">\n\t\t\t<h2 class=\"elementor-heading-title elementor-size-default\">TRAVAIL<\/h2>\t\t<\/div>\n\t\t\t\t<\/div>\n\t\t\t\t<div class=\"elementor-element elementor-element-547898b elementor-widget elementor-widget-text-editor\" data-id=\"547898b\" data-element_type=\"widget\" data-widget_type=\"text-editor.default\">\n\t\t\t\t<div class=\"elementor-widget-container\">\n\t\t\t\t\t\t\t<p>Notre travail se fait m\u00e9caniquement et \u00e0 la main \u00e9galement. Toutes les bo\u00eetes de nos sont uniques. Personnaliser pratiquement tous nos produits et nous nous adaptons aux besoins sp\u00e9cifiques de chaque client.<\/p>\t\t\t\t\t\t<\/div>\n\t\t\t\t<\/div>\n\t\t\t\t<\/div>\n\t\t\t\t\t<\/div>\n\t\t\t\t<\/div>\n\t\t<div class=\"elementor-element elementor-element-b7bb6ca e-flex e-con-boxed e-con e-parent\" data-id=\"b7bb6ca\" data-element_type=\"container\" data-settings=\"{&quot;background_background&quot;:&quot;classic&quot;,&quot;content_width&quot;:&quot;boxed&quot;}\" data-core-v316-plus=\"true\">\n\t\t\t\t\t<div class=\"e-con-inner\">\n\t\t<div class=\"elementor-element elementor-element-ca0ec4d e-con-full e-flex e-con e-child\" data-id=\"ca0ec4d\" data-element_type=\"container\" data-settings=\"{&quot;content_width&quot;:&quot;full&quot;}\">\n\t\t\t\t<div class=\"elementor-element elementor-element-72858e1 elementor-widget elementor-widget-image\" data-id=\"72858e1\" data-element_type=\"widget\" data-widget_type=\"image.default\">\n\t\t\t\t<div class=\"elementor-widget-container\">\n\t\t\t\t\t\t\t\t\t\t\t\t\t<img loading=\"lazy\" decoding=\"async\" width=\"470\" height=\"353\" src=\"https:\/\/embalatgesartesans.com\/wp-content\/uploads\/2023\/12\/img05.jpg\" class=\"attachment-full size-full wp-image-744\" alt=\"\" srcset=\"https:\/\/embalatgesartesans.com\/wp-content\/uploads\/2023\/12\/img05.jpg 470w, https:\/\/embalatgesartesans.com\/wp-content\/uploads\/2023\/12\/img05-300x225.jpg 300w\" sizes=\"(max-width: 470px) 100vw, 470px\" \/>\t\t\t\t\t\t\t\t\t\t\t\t\t<\/div>\n\t\t\t\t<\/div>\n\t\t\t\t<\/div>\n\t\t<div class=\"elementor-element elementor-element-4e9b59e e-con-full e-flex e-con e-child\" data-id=\"4e9b59e\" data-element_type=\"container\" data-settings=\"{&quot;content_width&quot;:&quot;full&quot;}\">\n\t\t\t\t<div class=\"elementor-element elementor-element-7ce28e8 elementor-widget elementor-widget-heading\" data-id=\"7ce28e8\" data-element_type=\"widget\" data-widget_type=\"heading.default\">\n\t\t\t\t<div class=\"elementor-widget-container\">\n\t\t\t<h2 class=\"elementor-heading-title elementor-size-default\">D\u00c9CHETS<\/h2>\t\t<\/div>\n\t\t\t\t<\/div>\n\t\t\t\t<div class=\"elementor-element elementor-element-310f440 elementor-widget elementor-widget-text-editor\" data-id=\"310f440\" data-element_type=\"widget\" data-widget_type=\"text-editor.default\">\n\t\t\t\t<div class=\"elementor-widget-container\">\n\t\t\t\t\t\t\t<p>Tous retales et surplus (et de minimiser et de lui-m\u00eame) g\u00e9n\u00e9r\u00e9s sont d\u00e9pos\u00e9s dans des conteneurs sp\u00e9ciaux pour le recyclage.\u00a0<\/p><p>Puce produite tous les emballages et utilisation est due pour servir de base a bird \u00e9levage.<\/p>\t\t\t\t\t\t<\/div>\n\t\t\t\t<\/div>\n\t\t\t\t<\/div>\n\t\t\t\t\t<\/div>\n\t\t\t\t<\/div>\n\t\t<div class=\"elementor-element elementor-element-4b207ef e-flex e-con-boxed e-con e-parent\" data-id=\"4b207ef\" data-element_type=\"container\" data-settings=\"{&quot;background_background&quot;:&quot;classic&quot;,&quot;content_width&quot;:&quot;boxed&quot;}\" data-core-v316-plus=\"true\">\n\t\t\t\t\t<div class=\"e-con-inner\">\n\t\t<div class=\"elementor-element elementor-element-6946202 e-con-full e-flex e-con e-child\" data-id=\"6946202\" data-element_type=\"container\" data-settings=\"{&quot;content_width&quot;:&quot;full&quot;}\">\n\t\t\t\t<div class=\"elementor-element elementor-element-5d5694f elementor-widget elementor-widget-image\" data-id=\"5d5694f\" data-element_type=\"widget\" data-widget_type=\"image.default\">\n\t\t\t\t<div class=\"elementor-widget-container\">\n\t\t\t\t\t\t\t\t\t\t\t\t\t<img loading=\"lazy\" decoding=\"async\" width=\"470\" height=\"353\" src=\"https:\/\/embalatgesartesans.com\/wp-content\/uploads\/2023\/12\/img06.jpg\" class=\"attachment-full size-full wp-image-748\" alt=\"\" srcset=\"https:\/\/embalatgesartesans.com\/wp-content\/uploads\/2023\/12\/img06.jpg 470w, https:\/\/embalatgesartesans.com\/wp-content\/uploads\/2023\/12\/img06-300x225.jpg 300w\" sizes=\"(max-width: 470px) 100vw, 470px\" \/>\t\t\t\t\t\t\t\t\t\t\t\t\t<\/div>\n\t\t\t\t<\/div>\n\t\t\t\t<\/div>\n\t\t<div class=\"elementor-element elementor-element-7b5a3a9 e-con-full e-flex e-con e-child\" data-id=\"7b5a3a9\" data-element_type=\"container\" data-settings=\"{&quot;content_width&quot;:&quot;full&quot;}\">\n\t\t\t\t<div class=\"elementor-element elementor-element-950f6b6 elementor-widget elementor-widget-heading\" data-id=\"950f6b6\" data-element_type=\"widget\" data-widget_type=\"heading.default\">\n\t\t\t\t<div class=\"elementor-widget-container\">\n\t\t\t<h2 class=\"elementor-heading-title elementor-size-default\">LOGISTIQUE<\/h2>\t\t<\/div>\n\t\t\t\t<\/div>\n\t\t\t\t<div class=\"elementor-element elementor-element-ee6af40 elementor-widget elementor-widget-text-editor\" data-id=\"ee6af40\" data-element_type=\"widget\" data-widget_type=\"text-editor.default\">\n\t\t\t\t<div class=\"elementor-widget-container\">\n\t\t\t\t\t\t\t<p>Une partie tr\u00e8s importante. Comprend un vaste de regler et stockage de vos commandes. Nous sommes a votre disposition pour toute proposition. Ont aussi un grand stock de mod\u00e8le de bo\u00eete permanents plus commun.<\/p>\t\t\t\t\t\t<\/div>\n\t\t\t\t<\/div>\n\t\t\t\t<\/div>\n\t\t\t\t\t<\/div>\n\t\t\t\t<\/div>\n\t\t<div class=\"elementor-element elementor-element-c2c954a e-flex e-con-boxed e-con e-parent\" data-id=\"c2c954a\" data-element_type=\"container\" data-settings=\"{&quot;content_width&quot;:&quot;boxed&quot;}\" data-core-v316-plus=\"true\">\n\t\t\t\t\t<div class=\"e-con-inner\">\n\t\t\t\t<div class=\"elementor-element elementor-element-7ab51e6 elementor-widget elementor-widget-heading\" data-id=\"7ab51e6\" data-element_type=\"widget\" data-widget_type=\"heading.default\">\n\t\t\t\t<div class=\"elementor-widget-container\">\n\t\t\t<h2 class=\"elementor-heading-title elementor-size-default\">AVEZ-VOUS BESOIN DE PLUS D'INFORMATIONS ?<\/h2>\t\t<\/div>\n\t\t\t\t<\/div>\n\t\t\t\t<div class=\"elementor-element elementor-element-2374233 elementor-align-center elementor-widget elementor-widget-button\" data-id=\"2374233\" data-element_type=\"widget\" data-widget_type=\"button.default\">\n\t\t\t\t<div class=\"elementor-widget-container\">\n\t\t\t\t\t<div class=\"elementor-button-wrapper\">\n\t\t\t<a class=\"elementor-button elementor-button-link elementor-size-sm\" href=\"https:\/\/embalatgesartesans.com\/fr\/contact\/\">\n\t\t\t\t\t\t<span class=\"elementor-button-content-wrapper\">\n\t\t\t\t\t\t<span class=\"elementor-button-text\">contactez-nous<\/span>\n\t\t<\/span>\n\t\t\t\t\t<\/a>\n\t\t<\/div>\n\t\t\t\t<\/div>\n\t\t\t\t<\/div>\n\t\t\t\t\t<\/div>\n\t\t\t\t<\/div>\n\t\t\t\t<\/div>\n\t\t","protected":false},"excerpt":{"rendered":"<p>BO\u00ceTES EN BOIS | EMBALATGES ARTESANS Nos d\u00e9buts en tant que menuiserie remontent \u00e0 1952. Nous sommes sp\u00e9cialis\u00e9s dans la construction de caisses en bois pour diff\u00e9rents secteurs. Nous construisons des produits naturels et durables certifi\u00e9s, avec une durabilit\u00e9 environnementale et une fabrication pr\u00e9cise. BOIS Noble \u00e9l\u00e9ments que la nature offre. Nos bois est n\u00e9 [&hellip;]<\/p>\n","protected":false},"author":1,"featured_media":0,"parent":0,"menu_order":2,"comment_status":"closed","ping_status":"closed","template":"","meta":{"footnotes":""},"class_list":["post-21","page","type-page","status-publish","hentry"],"_links":{"self":[{"href":"https:\/\/embalatgesartesans.com\/fr\/wp-json\/wp\/v2\/pages\/21","targetHints":{"allow":["GET"]}}],"collection":[{"href":"https:\/\/embalatgesartesans.com\/fr\/wp-json\/wp\/v2\/pages"}],"about":[{"href":"https:\/\/embalatgesartesans.com\/fr\/wp-json\/wp\/v2\/types\/page"}],"author":[{"embeddable":true,"href":"https:\/\/embalatgesartesans.com\/fr\/wp-json\/wp\/v2\/users\/1"}],"replies":[{"embeddable":true,"href":"https:\/\/embalatgesartesans.com\/fr\/wp-json\/wp\/v2\/comments?post=21"}],"version-history":[{"count":47,"href":"https:\/\/embalatgesartesans.com\/fr\/wp-json\/wp\/v2\/pages\/21\/revisions"}],"predecessor-version":[{"id":1582,"href":"https:\/\/embalatgesartesans.com\/fr\/wp-json\/wp\/v2\/pages\/21\/revisions\/1582"}],"wp:attachment":[{"href":"https:\/\/embalatgesartesans.com\/fr\/wp-json\/wp\/v2\/media?parent=21"}],"curies":[{"name":"wp","href":"https:\/\/api.w.org\/{rel}","templated":true}]}}