{"id":41,"date":"2023-12-13T09:24:38","date_gmt":"2023-12-13T08:24:38","guid":{"rendered":"http:\/\/embalatgesartesans.com\/avis-legal\/"},"modified":"2023-12-22T12:31:57","modified_gmt":"2023-12-22T11:31:57","slug":"avis-juridique","status":"publish","type":"page","link":"https:\/\/embalatgesartesans.com\/fr\/avis-juridique\/","title":{"rendered":"Avis juridique"},"content":{"rendered":"\t\t<div data-elementor-type=\"wp-page\" data-elementor-id=\"41\" class=\"elementor elementor-41 elementor-38\" data-elementor-post-type=\"page\">\n\t\t\t\t<div class=\"elementor-element elementor-element-d95eb12 e-flex e-con-boxed e-con e-parent\" data-id=\"d95eb12\" data-element_type=\"container\" data-settings=\"{&quot;content_width&quot;:&quot;boxed&quot;}\" data-core-v316-plus=\"true\">\n\t\t\t\t\t<div class=\"e-con-inner\">\n\t\t\t\t<div class=\"elementor-element elementor-element-a74c6ca elementor-widget elementor-widget-text-editor\" data-id=\"a74c6ca\" data-element_type=\"widget\" data-widget_type=\"text-editor.default\">\n\t\t\t\t<div class=\"elementor-widget-container\">\n\t\t\t<style>\/*! elementor - v3.19.0 - 07-02-2024 *\/\n.elementor-widget-text-editor.elementor-drop-cap-view-stacked .elementor-drop-cap{background-color:#69727d;color:#fff}.elementor-widget-text-editor.elementor-drop-cap-view-framed .elementor-drop-cap{color:#69727d;border:3px solid;background-color:transparent}.elementor-widget-text-editor:not(.elementor-drop-cap-view-default) .elementor-drop-cap{margin-top:8px}.elementor-widget-text-editor:not(.elementor-drop-cap-view-default) .elementor-drop-cap-letter{width:1em;height:1em}.elementor-widget-text-editor .elementor-drop-cap{float:left;text-align:center;line-height:1;font-size:50px}.elementor-widget-text-editor .elementor-drop-cap-letter{display:inline-block}<\/style>\t\t\t\t<h2>MENTIONS L\u00c9GALES ET CONDITIONS G\u00c9N\u00c9RALES D\u2019UTILISATION<\/h2><h4>https:\/\/embalatgesartesans.com\/<\/h4><h3>I. INFORMATIONS G\u00c9N\u00c9RALES<\/h3><p>Conform\u00e9ment au devoir d\u2019information pr\u00e9vu par la loi 34\/2002 sur les services de la soci\u00e9t\u00e9 de l\u2019information et du commerce \u00e9lectronique (LSSI-CE) du 11 juillet, les informations g\u00e9n\u00e9rales suivantes sont fournies ci-dessous sur ce site web :<\/p><p>La propri\u00e9t\u00e9 de ce site web, https:\/\/embalatgesartesans.com\/, (ci-apr\u00e8s, le site Web) est d\u00e9tenue par : EMBALATGES ARTESANS SL, munie du NIF\u00a0: B62784228 et enregistr\u00e9e \u00e0 l\u2019adresse suivante : avec les donn\u00e9es d\u2019inscription suivantes : , dont le repr\u00e9sentant est : , et dont les coordonn\u00e9es sont :<\/p><p>Adresse\u00a0: EUGENI D\u2019ORS 37, 08730 SANTA MARGARIDA I ELS MONJOS<\/p><p>T\u00e9l\u00e9phone de contact\u00a0: +34 938 980 537<\/p><p>Courriel de contact : info@embalatgesartesans.com<\/p><h3>II. CONDITIONS G\u00c9N\u00c9RALES D\u2019UTILISATION<\/h3><h4>L\u2019objet des conditions : Le Site<\/h4><p>Les pr\u00e9sentes Conditions G\u00e9n\u00e9rales d\u2019Utilisation (ci-apr\u00e8s, les CGU) ont pour objet de r\u00e9glementer l\u2019acc\u00e8s et l\u2019utilisation du Site. Aux fins des pr\u00e9sentes Conditions, le Site Web d\u00e9signe : l\u2019aspect ext\u00e9rieur des interfaces de l\u2019\u00e9cran, \u00e0 la fois statiquement et dynamiquement, c\u2019est-\u00e0-dire l\u2019arborescence de navigation ; et tous les \u00e9l\u00e9ments int\u00e9gr\u00e9s \u00e0 la fois dans les interfaces de l\u2019\u00e9cran et dans l\u2019arborescence de navigation (ci-apr\u00e8s, les Contenus) et tous les services ou ressources en ligne qu\u2019il offre aux Utilisateurs (ci-apr\u00e8s, les Services).<\/p><p>EMBALATGES ARTESANS SL se r\u00e9serve le droit de modifier, \u00e0 tout moment et sans pr\u00e9avis, la pr\u00e9sentation et la configuration du site Web et des contenus et services qui peuvent y \u00eatre incorpor\u00e9s. L\u2019utilisateur reconna\u00eet et accepte qu\u2019\u00e0 tout moment, EMBALATGES ARTESANS SL peut interrompre, d\u00e9sactiver et\/ou annuler l\u2019un de ces \u00e9l\u00e9ments qui sont int\u00e9gr\u00e9s dans le site Web ou l\u2019acc\u00e8s \u00e0 ceux-ci.<\/p><p>L\u2019acc\u00e8s au site Web par l\u2019utilisateur est gratuit et, en r\u00e8gle g\u00e9n\u00e9rale, est gratuit sans que l\u2019utilisateur n\u2019ait \u00e0 fournir de contrepartie pour en profiter, \u00e0 l\u2019exception du co\u00fbt de la connexion via le r\u00e9seau de t\u00e9l\u00e9communications fourni par le fournisseur d\u2019acc\u00e8s contract\u00e9 par l\u2019utilisateur.<\/p><p>L\u2019utilisation de l\u2019un des contenus ou services du site Web peut \u00eatre effectu\u00e9e en s\u2019abonnant ou en s\u2019inscrivant \u00e0 l\u2019avance par l\u2019utilisateur.<\/p><h4>L\u2019utilisateur<\/h4><p>L\u2019acc\u00e8s, la navigation et l\u2019utilisation du site Web conf\u00e8rent la condition d\u2019utilisateur, de sorte que toutes les conditions \u00e9tablies dans le pr\u00e9sent document, ainsi que leurs modifications ult\u00e9rieures, sont accept\u00e9es \u00e0 partir du moment o\u00f9 la navigation sur le site Web commence, sans pr\u00e9judice de l\u2019application des r\u00e9glementations l\u00e9gales correspondantes qui doivent \u00eatre respect\u00e9es le cas \u00e9ch\u00e9ant. Compte tenu de la pertinence de ce qui pr\u00e9c\u00e8de, il est conseill\u00e9 \u00e0 l\u2019Utilisateur de les lire \u00e0 chaque fois qu\u2019il visite le Site.<\/p><p>Le site web d\u2019EMBALATGES ARTESANS SL fournit un large \u00e9ventail d\u2019informations, de services et de donn\u00e9es. L\u2019Utilisateur assume sa responsabilit\u00e9 quant \u00e0 l\u2019utilisation correcte du Site. Cette responsabilit\u00e9 s\u2019\u00e9tend :<\/p><ul><li>Toute utilisation des informations, des contenus et\/ou des services et des donn\u00e9es offerts par EMBALATGES ARTESANS SL sans \u00eatre contraire aux dispositions des pr\u00e9sentes conditions, \u00e0 la loi, \u00e0 la morale ou \u00e0 l\u2019ordre public, ou qui, de toute autre mani\u00e8re, peut entra\u00eener des dommages aux droits de tiers ou au fonctionnement m\u00eame du site Web.<\/li><li>La v\u00e9racit\u00e9 et la l\u00e9galit\u00e9 des informations fournies par l\u2019utilisateur dans les formulaires fournis par EMBALATGES ARTESANS SL pour l\u2019acc\u00e8s \u00e0 certains contenus ou services offerts par le site Web. Dans tous les cas, l\u2019utilisateur doit informer imm\u00e9diatement EMBALATGES ARTESANS SL de tout \u00e9v\u00e9nement pouvant permettre l\u2019utilisation abusive des informations enregistr\u00e9es dans lesdits formulaires, tels que, mais sans s\u2019y limiter, le vol, la perte ou l\u2019acc\u00e8s non autoris\u00e9 aux identifiants et\/ou mots de passe, afin de proc\u00e9der \u00e0 leur annulation imm\u00e9diate.<\/li><\/ul><p>Le simple acc\u00e8s \u00e0 ce site Web n\u2019implique pas l\u2019\u00e9tablissement d\u2019un quelconque type de relation commerciale entre EMBALATGES ARTESANS SL et l\u2019utilisateur.<\/p><p>Toujours dans le respect de la l\u00e9gislation en vigueur, ce site Web d\u2019EMBALATGES ARTESANS SL s\u2019adresse \u00e0 toutes les personnes, quel que soit leur \u00e2ge, qui peuvent acc\u00e9der et\/ou naviguer sur les pages du site Web.<\/p><h3>III. ACC\u00c8S ET NAVIGATION SUR LE SITE : EXCLUSION DE GARANTIES ET DE RESPONSABILIT\u00c9<\/h3><p>EMBALATGES ARTESANS SL ne garantit pas la continuit\u00e9, la disponibilit\u00e9 et l\u2019utilit\u00e9 du site Web, ni des contenus ou des services. EMBALATGES ARTESANS SL fera tout son possible pour assurer le bon fonctionnement du site Web, cependant, elle n\u2019est pas responsable et ne garantit pas que l\u2019acc\u00e8s \u00e0 ce site Web ne sera pas ininterrompu ou exempt d\u2019erreurs.<\/p><p>Il n\u2019est pas non plus responsable ou garanti que le contenu ou le logiciel auquel il est possible d\u2019acc\u00e9der par le biais de ce site Web est exempt d\u2019erreurs ou qu\u2019il cause des dommages au syst\u00e8me informatique (logiciel et mat\u00e9riel) de l\u2019utilisateur. En aucun cas, EMBALATGES ARTESANS SL ne sera responsable des pertes, dommages ou pr\u00e9judices de toute nature d\u00e9coulant de l\u2019acc\u00e8s, de la navigation et de l\u2019utilisation du site Web, y compris, mais sans s\u2019y limiter, ceux caus\u00e9s aux syst\u00e8mes informatiques ou ceux caus\u00e9s par l\u2019introduction de virus.<\/p><p>EMBALATGES ARTESANS SL n\u2019est pas non plus responsable des dommages qui pourraient \u00eatre caus\u00e9s aux utilisateurs en raison d\u2019une mauvaise utilisation de ce site Web. En particulier, il n\u2019est en aucun cas responsable des chutes, interruptions, manquements ou d\u00e9fauts de t\u00e9l\u00e9communications qui pourraient survenir.<\/p><h3>IV. POLITIQUE DE LIENS<\/h3><p>L\u2019utilisateur ou le tiers qui \u00e9tablit un lien hypertexte \u00e0 partir d\u2019une page web d\u2019un autre site web diff\u00e9rent vers le site web d\u2019EMBALATGES ARTESANS SL doit \u00eatre conscient que :<\/p><p>La reproduction \u2013 totale ou partielle \u2013 de l\u2019un des contenus et\/ou services du site Web n\u2019est pas autoris\u00e9e sans l\u2019autorisation expresse d\u2019EMBALATGES ARTESANS SL.<\/p><p>Toute d\u00e9claration fausse, inexacte ou incorrecte sur le site Web d\u2019EMBALATGES ARTESANS SL, ou sur ses Contenus et\/ou Services, n\u2019est pas non plus autoris\u00e9e.<\/p><p>\u00c0 l\u2019exception de l\u2019hyperlien, le site web sur lequel l\u2019hyperlien est \u00e9tabli ne contiendra aucun \u00e9l\u00e9ment de ce site web prot\u00e9g\u00e9 en tant que propri\u00e9t\u00e9 intellectuelle par le syst\u00e8me juridique espagnol, sauf autorisation expresse d\u2019EMBALATGES ARTESANS SL.<\/p><p>L\u2019\u00e9tablissement de l\u2019hyperlien n\u2019implique pas l\u2019existence d\u2019une relation entre EMBALATGES ARTESANS SL et le propri\u00e9taire du site web \u00e0 partir duquel il est \u00e9tabli, ni la connaissance et l\u2019acceptation par EMBALATGES ARTESANS SL des contenus, services et\/ou activit\u00e9s propos\u00e9s sur ledit site web, et vice versa.<\/p><h3>V. PROPRIETE INTELLECTUELLE ET INDUSTRIELLE<\/h3><p>EMBALATGES ARTESANS SL, par elle-m\u00eame ou en tant que cessionnaire, est propri\u00e9taire de tous les droits de propri\u00e9t\u00e9 intellectuelle et industrielle du site Web, ainsi que des \u00e9l\u00e9ments qui y sont contenus (y compris, mais sans s\u2019y limiter, les images, le son, l\u2019audio, la vid\u00e9o, les logiciels ou les textes, les marques ou les logos, les combinaisons de couleurs, la structure et le design, la s\u00e9lection des mat\u00e9riaux utilis\u00e9s, les programmes informatiques n\u00e9cessaires \u00e0 son fonctionnement, \u00e0 son acc\u00e8s et \u00e0 son utilisation, etc.). Il s\u2019agira donc d\u2019\u0153uvres prot\u00e9g\u00e9es en tant que propri\u00e9t\u00e9 intellectuelle par le syst\u00e8me juridique espagnol, et les r\u00e9glementations espagnoles et europ\u00e9ennes dans ce domaine leur seront applicables, ainsi que les trait\u00e9s internationaux relatifs au sujet et sign\u00e9s par l\u2019Espagne.<\/p><p>Tous droits r\u00e9serv\u00e9s. En vertu des dispositions de la loi sur la propri\u00e9t\u00e9 intellectuelle, la reproduction, la distribution et la communication publique, y compris le mode de mise \u00e0 disposition, de tout ou partie du contenu de ce site web, \u00e0 des fins commerciales, sur tout support et par tout moyen technique, sans l\u2019autorisation d\u2019EMBALATGES ARTESANS SL, sont express\u00e9ment interdites.<\/p><p>L\u2019utilisateur s\u2019engage \u00e0 respecter les droits de propri\u00e9t\u00e9 intellectuelle et industrielle d\u2019EMBALATGES ARTESANS SL. Vous pouvez visualiser les \u00e9l\u00e9ments du Site ou m\u00eame les imprimer, les copier et les stocker sur le disque dur de votre ordinateur ou sur tout autre support physique tant que c\u2019est exclusivement pour votre usage personnel. Toutefois, l\u2019Utilisateur ne peut pas supprimer, modifier ou manipuler tout dispositif de protection ou syst\u00e8me de s\u00e9curit\u00e9 install\u00e9 sur le Site.<\/p><p>Dans le cas o\u00f9 l\u2019utilisateur ou un tiers consid\u00e8re que l\u2019un des contenus du site Web constitue une violation des droits de protection de la propri\u00e9t\u00e9 intellectuelle, il doit en informer imm\u00e9diatement EMBALATGES ARTESANS SL via les coordonn\u00e9es figurant dans la section INFORMATIONS G\u00c9N\u00c9RALES du pr\u00e9sent avis juridique et conditions g\u00e9n\u00e9rales d\u2019utilisation.<\/p><h3>VI. ACTIONS EN JUSTICE, DROIT APPLICABLE ET JURIDICTION<\/h3><p>EMBALATGES ARTESANS SL se r\u00e9serve le droit d\u2019intenter toutes les actions civiles ou p\u00e9nales qu\u2019elle juge n\u00e9cessaires pour l\u2019utilisation abusive du site Web et des contenus, ou pour le non-respect des pr\u00e9sentes conditions.<\/p><p>La relation entre l\u2019utilisateur et EMBALATGES ARTESANS SL sera r\u00e9gie par la r\u00e9glementation en vigueur et applicable sur le territoire espagnol. En cas de litige relatif \u00e0 l\u2019interpr\u00e9tation et\/ou \u00e0 l\u2019application des pr\u00e9sentes Conditions, les parties soumettront leurs diff\u00e9rends \u00e0 la juridiction ordinaire, en se soumettant aux juges et tribunaux correspondants conform\u00e9ment \u00e0 la loi.<\/p><p>Le pr\u00e9sent document d\u2019avis juridiques et de conditions g\u00e9n\u00e9rales d\u2019utilisation du site web a \u00e9t\u00e9 cr\u00e9\u00e9 le 21\/09\/2023.<\/p>\t\t\t\t\t\t<\/div>\n\t\t\t\t<\/div>\n\t\t\t\t\t<\/div>\n\t\t\t\t<\/div>\n\t\t\t\t<\/div>\n\t\t","protected":false},"excerpt":{"rendered":"<p>MENTIONS L\u00c9GALES ET CONDITIONS G\u00c9N\u00c9RALES D\u2019UTILISATION https:\/\/embalatgesartesans.com\/ I. INFORMATIONS G\u00c9N\u00c9RALES Conform\u00e9ment au devoir d\u2019information pr\u00e9vu par la loi 34\/2002 sur les services de la soci\u00e9t\u00e9 de l\u2019information et du commerce \u00e9lectronique (LSSI-CE) du 11 juillet, les informations g\u00e9n\u00e9rales suivantes sont fournies ci-dessous sur ce site web : La propri\u00e9t\u00e9 de ce site web, https:\/\/embalatgesartesans.com\/, (ci-apr\u00e8s, [&hellip;]<\/p>\n","protected":false},"author":1,"featured_media":0,"parent":0,"menu_order":7,"comment_status":"closed","ping_status":"closed","template":"","meta":{"footnotes":""},"class_list":["post-41","page","type-page","status-publish","hentry"],"_links":{"self":[{"href":"https:\/\/embalatgesartesans.com\/fr\/wp-json\/wp\/v2\/pages\/41","targetHints":{"allow":["GET"]}}],"collection":[{"href":"https:\/\/embalatgesartesans.com\/fr\/wp-json\/wp\/v2\/pages"}],"about":[{"href":"https:\/\/embalatgesartesans.com\/fr\/wp-json\/wp\/v2\/types\/page"}],"author":[{"embeddable":true,"href":"https:\/\/embalatgesartesans.com\/fr\/wp-json\/wp\/v2\/users\/1"}],"replies":[{"embeddable":true,"href":"https:\/\/embalatgesartesans.com\/fr\/wp-json\/wp\/v2\/comments?post=41"}],"version-history":[{"count":17,"href":"https:\/\/embalatgesartesans.com\/fr\/wp-json\/wp\/v2\/pages\/41\/revisions"}],"predecessor-version":[{"id":1291,"href":"https:\/\/embalatgesartesans.com\/fr\/wp-json\/wp\/v2\/pages\/41\/revisions\/1291"}],"wp:attachment":[{"href":"https:\/\/embalatgesartesans.com\/fr\/wp-json\/wp\/v2\/media?parent=41"}],"curies":[{"name":"wp","href":"https:\/\/api.w.org\/{rel}","templated":true}]}}