{"id":46,"date":"2023-12-13T09:25:31","date_gmt":"2023-12-13T08:25:31","guid":{"rendered":"http:\/\/embalatgesartesans.com\/politica-de-privacitat-i-proteccio-de-dades\/"},"modified":"2023-12-22T12:32:30","modified_gmt":"2023-12-22T11:32:30","slug":"politique-de-confidentialite-et-de-protection-des-donnees","status":"publish","type":"page","link":"https:\/\/embalatgesartesans.com\/fr\/politique-de-confidentialite-et-de-protection-des-donnees\/","title":{"rendered":"Politique de confidentialit\u00e9 et de protection des donn\u00e9es"},"content":{"rendered":"\t\t<div data-elementor-type=\"wp-page\" data-elementor-id=\"46\" class=\"elementor elementor-46 elementor-43\" data-elementor-post-type=\"page\">\n\t\t\t\t<div class=\"elementor-element elementor-element-bcdffa8 e-flex e-con-boxed e-con e-parent\" data-id=\"bcdffa8\" data-element_type=\"container\" data-settings=\"{&quot;content_width&quot;:&quot;boxed&quot;}\" data-core-v316-plus=\"true\">\n\t\t\t\t\t<div class=\"e-con-inner\">\n\t\t\t\t<div class=\"elementor-element elementor-element-09ef7da elementor-widget elementor-widget-text-editor\" data-id=\"09ef7da\" data-element_type=\"widget\" data-widget_type=\"text-editor.default\">\n\t\t\t\t<div class=\"elementor-widget-container\">\n\t\t\t<style>\/*! elementor - v3.19.0 - 07-02-2024 *\/\n.elementor-widget-text-editor.elementor-drop-cap-view-stacked .elementor-drop-cap{background-color:#69727d;color:#fff}.elementor-widget-text-editor.elementor-drop-cap-view-framed .elementor-drop-cap{color:#69727d;border:3px solid;background-color:transparent}.elementor-widget-text-editor:not(.elementor-drop-cap-view-default) .elementor-drop-cap{margin-top:8px}.elementor-widget-text-editor:not(.elementor-drop-cap-view-default) .elementor-drop-cap-letter{width:1em;height:1em}.elementor-widget-text-editor .elementor-drop-cap{float:left;text-align:center;line-height:1;font-size:50px}.elementor-widget-text-editor .elementor-drop-cap-letter{display:inline-block}<\/style>\t\t\t\t<h2>POLITIQUE DE CONFIDENTIALIT\u00c9 DU SITE WEB<\/h2><h4>https:\/\/embalatgesartesans.com\/<\/h4><h3>I. POLITIQUE DE CONFIDENTIALIT\u00c9 ET DE PROTECTION DES DONN\u00c9ES<\/h3><p>Dans le respect des dispositions de la l\u00e9gislation en vigueur, PACKAGING ARTESANS SL (ci-apr\u00e8s, \u00e9galement le site Web) s\u2019engage \u00e0 adopter les mesures techniques et organisationnelles n\u00e9cessaires, en fonction du niveau de s\u00e9curit\u00e9 ad\u00e9quat au risque des donn\u00e9es collect\u00e9es.<\/p><h4>Les lois incorpor\u00e9es dans la pr\u00e9sente politique de confidentialit\u00e9<\/h4><p>Cette politique de confidentialit\u00e9 est adapt\u00e9e \u00e0 la r\u00e9glementation espagnole et europ\u00e9enne en vigueur en mati\u00e8re de protection des donn\u00e9es personnelles sur Internet. En particulier, il respecte les r\u00e8gles suivantes :<\/p><ul><li>R\u00e8glement (UE) 2016\/679 du Parlement europ\u00e9en et du Conseil du 27 avril 2016 relatif \u00e0 la protection des personnes physiques \u00e0 l\u2019\u00e9gard du traitement des donn\u00e9es \u00e0 caract\u00e8re personnel et \u00e0 la libre circulation de ces donn\u00e9es (RGPD).<\/li><li>La loi organique 3\/2018, du 5 d\u00e9cembre, sur la protection des donn\u00e9es personnelles et la garantie des droits num\u00e9riques (LOPD-GDD).<\/li><li>D\u00e9cret royal 1720\/2007, du 21 d\u00e9cembre, portant approbation du r\u00e8glement de d\u00e9veloppement de la loi organique 15\/1999, du 13 d\u00e9cembre, sur la protection des donn\u00e9es \u00e0 caract\u00e8re personnel (RDLOPD).<\/li><li>Loi 34\/2002, du 11 juillet, sur les services de la soci\u00e9t\u00e9 de l\u2019information et du commerce \u00e9lectronique (LSSI-CE).<\/li><\/ul><h4>Identidad del responsible del tratamiento de los datos personales<\/h4><p>Le responsable du traitement des donn\u00e9es personnelles collect\u00e9es dans PACKAGING ARTESANS SL est : PACKAGING ARTESANS SL, muni d\u2019un NIF\/CIF : B62784228 et enregistr\u00e9 \u00e0 : avec les donn\u00e9es d\u2019enregistrement suivantes : , dont le repr\u00e9sentant est : (ci-apr\u00e8s, responsable du traitement). Sus datos de contacto son los siguientes\u00a0:<\/p><p>Adresse\u00a0: EUGENI D\u2019ORS 37, 08730 SANTA MARGARIDA I ELS MONJOS<\/p><p>T\u00e9l\u00e9phone de contact\u00a0: +34 938 980 537<\/p><p>Courriel de contact : info@embalatgesartesans.com<\/p><h4>Registre des donn\u00e9es personnelles<\/h4><p>Conform\u00e9ment aux dispositions du RGPD et de la LOPD-GDD, nous vous informons que les donn\u00e9es personnelles collect\u00e9es par PACKAGING ARTESANS SL, \u00e0 travers les formulaires \u00e9tendus sur ses pages, seront incorpor\u00e9es et seront trait\u00e9es dans notre fichier afin de faciliter, d\u2019acc\u00e9l\u00e9rer et de respecter les engagements \u00e9tablis entre PACKAGING ARTESANS SL et l\u2019Utilisateur ou le maintien de la relation \u00e9tablie dans les formulaires qu\u2019elle remplit, ou pour r\u00e9pondre \u00e0 une demande ou \u00e0 une requ\u00eate de celui-ci. De m\u00eame, conform\u00e9ment aux dispositions du RGPD et de la LOPD-GDD, \u00e0 moins que l\u2019exception pr\u00e9vue \u00e0 l\u2019article 30.5 du RGPD ne soit applicable, un registre des activit\u00e9s de traitement est tenu qui sp\u00e9cifie, en fonction de ses finalit\u00e9s, les activit\u00e9s de traitement effectu\u00e9es et les autres circonstances \u00e9tablies dans le RGPD.<\/p><h4>Principes applicables au traitement des donn\u00e9es \u00e0 caract\u00e8re personnel<\/h4><p>Le traitement des donn\u00e9es personnelles de l\u2019utilisateur sera soumis aux principes suivants contenus dans l\u2019article 5 du RGPD et les articles 4 et suivants de la loi organique 3\/2018, du 5 d\u00e9cembre, sur la protection des donn\u00e9es personnelles et la garantie des droits num\u00e9riques :<\/p><ul><li>Principe de l\u00e9galit\u00e9, de loyaut\u00e9 et de transparence : le consentement de l\u2019Utilisateur sera requis \u00e0 tout moment apr\u00e8s une information totalement transparente des finalit\u00e9s pour lesquelles les donn\u00e9es personnelles sont collect\u00e9es.<\/li><li>Principe de limitation de la finalit\u00e9 : les donn\u00e9es \u00e0 caract\u00e8re personnel seront collect\u00e9es pour des finalit\u00e9s d\u00e9termin\u00e9es, explicites et l\u00e9gitimes.<\/li><li>Principe de minimisation des donn\u00e9es : les donn\u00e9es personnelles collect\u00e9es ne seront que celles strictement n\u00e9cessaires au regard des finalit\u00e9s pour lesquelles elles sont trait\u00e9es.<\/li><li>Principio de exactitud\u00a0: los datos personales deben ser exactos y estar siempre actualizados.<\/li><li>Principe de limitation de la dur\u00e9e de conservation : les donn\u00e9es personnelles ne seront conserv\u00e9es que d\u2019une mani\u00e8re permettant l\u2019identification de l\u2019Utilisateur pendant le temps n\u00e9cessaire aux finalit\u00e9s de leur traitement.<\/li><li>Principe d\u2019int\u00e9grit\u00e9 et de confidentialit\u00e9 : les donn\u00e9es personnelles seront trait\u00e9es de mani\u00e8re \u00e0 garantir votre s\u00e9curit\u00e9 et votre confidentialit\u00e9.<\/li><li>Principe de responsabilit\u00e9 proactive : le responsable du traitement sera responsable de veiller au respect des principes ci-dessus.<\/li><\/ul><h4>Cat\u00e9gories de donn\u00e9es \u00e0 caract\u00e8re personnel<\/h4><p>Les cat\u00e9gories de donn\u00e9es qui sont trait\u00e9es dans PACKAGING ARTESANS SL ne sont que des donn\u00e9es d\u2019identification. En aucun cas, des cat\u00e9gories particuli\u00e8res de donn\u00e9es \u00e0 caract\u00e8re personnel ne sont trait\u00e9es au sens de l\u2019article 9 du RGPD.<\/p><h4>Base juridique du traitement des donn\u00e9es \u00e0 caract\u00e8re personnel<\/h4><p>La base juridique du traitement des donn\u00e9es \u00e0 caract\u00e8re personnel est le consentement. PACKAGING ARTESANS SL s\u2019engage \u00e0 obtenir le consentement expr\u00e8s et v\u00e9rifiable de l\u2019Utilisateur pour le traitement de ses donn\u00e9es personnelles \u00e0 une ou plusieurs fins sp\u00e9cifiques.<\/p><p>L\u2019Utilisateur aura le droit de retirer son consentement \u00e0 tout moment. Il sera aussi facile de retirer son consentement que de le donner. En r\u00e8gle g\u00e9n\u00e9rale, le retrait du consentement ne conditionnera pas l\u2019utilisation du Site.<\/p><p>Dans les cas o\u00f9 l\u2019utilisateur doit ou peut fournir ses donn\u00e9es par le biais de formulaires pour faire des demandes, demander des informations ou pour des raisons li\u00e9es au contenu du site Web, il sera inform\u00e9 dans le cas o\u00f9 la r\u00e9alisation de l\u2019un d\u2019entre eux est obligatoire en raison de leur caract\u00e8re essentiel au bon d\u00e9roulement de l\u2019op\u00e9ration effectu\u00e9e.<\/p><h4>Finalit\u00e9s du traitement auquel sont destin\u00e9es les donn\u00e9es \u00e0 caract\u00e8re personnel<\/h4><p>Les donn\u00e9es personnelles sont collect\u00e9es et g\u00e9r\u00e9es par PACKAGING ARTESANS SL afin de faciliter, d\u2019acc\u00e9l\u00e9rer et de remplir les engagements \u00e9tablis entre le site Web et l\u2019utilisateur ou le maintien de la relation \u00e9tablie dans les formulaires que ce dernier remplit ou pour r\u00e9pondre \u00e0 une demande ou \u00e0 une requ\u00eate.<\/p><p>De m\u00eame, les donn\u00e9es peuvent \u00eatre utilis\u00e9es \u00e0 des fins commerciales de personnalisation, op\u00e9rationnelles et statistiques, et d\u2019activit\u00e9s de l\u2019objectif d\u2019entreprise de PACKAGING ARTESANS SL, ainsi que pour l\u2019extraction, le stockage de donn\u00e9es et des \u00e9tudes de marketing pour adapter le contenu offert \u00e0 l\u2019utilisateur, ainsi que pour am\u00e9liorer la qualit\u00e9, le fonctionnement et la navigation sur le site Web.<\/p><p>Au moment de l\u2019obtention des donn\u00e9es personnelles, l\u2019Utilisateur sera inform\u00e9 de la ou des finalit\u00e9s sp\u00e9cifiques du traitement pour lequel les donn\u00e9es personnelles seront utilis\u00e9es ; c\u2019est-\u00e0-dire de l\u2019utilisation ou des utilisations qui seront faites aux informations recueillies.<\/p><h4>Per\u00edodos de retenci\u00f3n de los datos personales<\/h4><p>Les donn\u00e9es personnelles ne seront conserv\u00e9es que pendant la dur\u00e9e minimale n\u00e9cessaire aux fins de leur traitement et, dans tous les cas, uniquement pendant la dur\u00e9e suivante : 18 mois, ou jusqu\u2019\u00e0 ce que l\u2019utilisateur demande leur suppression.<\/p><p>Au moment de l\u2019obtention des donn\u00e9es personnelles, l\u2019utilisateur sera inform\u00e9 de la p\u00e9riode pendant laquelle les donn\u00e9es personnelles seront conserv\u00e9es ou, lorsque cela n\u2019est pas possible, des crit\u00e8res utilis\u00e9s pour d\u00e9terminer cette p\u00e9riode.<\/p><h4>Destinataires des donn\u00e9es \u00e0 caract\u00e8re personnel<\/h4><p>Les donn\u00e9es personnelles de l\u2019Utilisateur ne seront pas partag\u00e9es avec des tiers.<\/p><p>Dans tous les cas, au moment de l\u2019obtention des donn\u00e9es personnelles, l\u2019utilisateur sera inform\u00e9 des destinataires ou des cat\u00e9gories de destinataires des donn\u00e9es personnelles.<\/p><h4>Datos personales de menores de edad<\/h4><p>Conform\u00e9ment aux dispositions des articles 8 du RGPD et 7 de la loi organique 3\/2018, du 5 d\u00e9cembre, sur la protection des donn\u00e9es personnelles et la garantie des droits num\u00e9riques, seules les personnes \u00e2g\u00e9es de plus de 14 ans peuvent donner leur consentement pour le traitement licite de leurs donn\u00e9es personnelles par PACKAGING ARTESANS SL. Dans le cas d\u2019un enfant de moins de 14 ans, Le consentement des parents ou des tuteurs sera n\u00e9cessaire pour le traitement, et celui-ci ne sera consid\u00e9r\u00e9 comme licite que dans la mesure o\u00f9 ils l\u2019auront autoris\u00e9.<\/p><h4>Secret et s\u00e9curit\u00e9 des donn\u00e9es personnelles<\/h4><p>PACKAGING ARTESANS SL s\u2019engage \u00e0 adopter les mesures techniques et organisationnelles n\u00e9cessaires, en fonction du niveau de s\u00e9curit\u00e9 ad\u00e9quat aux risques et p\u00e9rils des donn\u00e9es collect\u00e9es, afin de garantir la s\u00e9curit\u00e9 des donn\u00e9es personnelles et d\u2019\u00e9viter la destruction, la perte ou l\u2019alt\u00e9ration accidentelle ou ill\u00e9gale des donn\u00e9es personnelles transmises, stock\u00e9es ou trait\u00e9es d\u2019une autre mani\u00e8re, ou la communication ou l\u2019acc\u00e8s non autoris\u00e9 auxdites donn\u00e9es.<\/p><p>Le site Web dispose d\u2019un certificat SSL (Secure Socket Layer), qui garantit que les donn\u00e9es personnelles sont transmises de mani\u00e8re s\u00fbre et confidentielle, car il s\u2019agit de la transmission de donn\u00e9es entre le serveur et l\u2019utilisateur, et en retour, enti\u00e8rement crypt\u00e9es ou crypt\u00e9es.<\/p><p>Cependant, \u00e9tant donn\u00e9 que PACKAGING ARTESANS SL ne peut pas garantir l\u2019inviolabilit\u00e9 d\u2019Internet ou l\u2019absence totale de pirates ou d\u2019autres personnes qui acc\u00e8dent frauduleusement aux donn\u00e9es personnelles, le responsable du traitement s\u2019engage \u00e0 informer l\u2019utilisateur dans les meilleurs d\u00e9lais lorsqu\u2019une violation de la s\u00e9curit\u00e9 des donn\u00e9es personnelles se produit susceptible d\u2019entra\u00eener un risque \u00e9lev\u00e9 pour les droits et libert\u00e9s des personnes physiques. Conform\u00e9ment aux dispositions de l\u2019article 4 du RGPD, une violation de la s\u00e9curit\u00e9 des donn\u00e9es \u00e0 caract\u00e8re personnel s\u2019entend de toute violation de la s\u00e9curit\u00e9 qui entra\u00eene la destruction, la perte ou l\u2019alt\u00e9ration accidentelle ou illicite des donn\u00e9es \u00e0 caract\u00e8re personnel transmises, stock\u00e9es ou trait\u00e9es d\u2019une autre mani\u00e8re, ou la communication ou l\u2019acc\u00e8s non autoris\u00e9 \u00e0 ces donn\u00e9es.<\/p><p>Les donn\u00e9es personnelles seront trait\u00e9es de mani\u00e8re confidentielle par le responsable du traitement, qui s\u2019engage \u00e0 informer et \u00e0 garantir, au moyen d\u2019une obligation l\u00e9gale ou contractuelle, que cette confidentialit\u00e9 est respect\u00e9e par ses employ\u00e9s, ses associ\u00e9s et toute personne \u00e0 laquelle les informations sont accessibles.<\/p><h4>Droits d\u00e9coulant du traitement des donn\u00e9es \u00e0 caract\u00e8re personnel<\/h4><p>L\u2019utilisateur dispose de PACKAGING ARTESANS SL et peut, par cons\u00e9quent, exercer les droits suivants reconnus dans le RGPD et la loi organique 3\/2018, du 5 d\u00e9cembre, sur la protection des donn\u00e9es personnelles et la garantie des droits num\u00e9riques\u00a0:<\/p><ul><li><em>Droit d\u2019acc\u00e8s :<\/em>\u00a0L\u2019utilisateur a le droit d\u2019obtenir la confirmation que PACKAGING ARTESANS SL traite ou non ses donn\u00e9es personnelles et, le cas \u00e9ch\u00e9ant, d\u2019obtenir des informations sur ses donn\u00e9es personnelles sp\u00e9cifiques et le traitement que PACKAGING ARTESANS SL a effectu\u00e9 ou effectu\u00e9, ainsi que, entre autres, les informations disponibles sur l\u2019origine de ces donn\u00e9es et les destinataires des communications effectu\u00e9es ou pr\u00e9vues de celles-ci.<\/li><li><em>Droit de rectification :<\/em>\u00a0L\u2019Utilisateur a le droit de modifier ses donn\u00e9es personnelles qui s\u2019av\u00e8rent inexactes ou, compte tenu des finalit\u00e9s du traitement, incompl\u00e8tes.<\/li><li><em>Droit de suppression (\u00ab droit \u00e0 l\u2019oubli \u00bb) :<\/em>\u00a0L\u2019Utilisateur a le droit, \u00e0 condition que la l\u00e9gislation en vigueur n\u2019en dispose pas autrement, d\u2019obtenir la suppression de ses donn\u00e9es personnelles lorsqu\u2019elles ne sont plus n\u00e9cessaires aux fins pour lesquelles elles ont \u00e9t\u00e9 collect\u00e9es ou trait\u00e9es ; l\u2019Utilisateur a retir\u00e9 son consentement au traitement et celui-ci n\u2019a pas d\u2019autre base juridique ; l\u2019Utilisateur s\u2019oppose au traitement et il n\u2019y a pas d\u2019autre motif l\u00e9gitime de le poursuivre ; des donn\u00e9es \u00e0 caract\u00e8re personnel ont fait l\u2019objet d\u2019un traitement illicite ; Les donn\u00e9es \u00e0 caract\u00e8re personnel doivent \u00eatre supprim\u00e9es conform\u00e9ment \u00e0 une obligation l\u00e9gale ; ou des donn\u00e9es personnelles ont \u00e9t\u00e9 obtenues \u00e0 la suite d\u2019une offre directe de services de la soci\u00e9t\u00e9 de l\u2019information \u00e0 un enfant de moins de 14 ans. En plus de la suppression des donn\u00e9es, le responsable du traitement, en tenant compte de la technologie disponible et du co\u00fbt de son application, adoptera des mesures raisonnables pour informer les responsables du traitement des donn\u00e9es personnelles de la demande de suppression de tout lien vers ces donn\u00e9es personnelles par l\u2019int\u00e9ress\u00e9.<\/li><li><em>Droit \u00e0 la limitation du traitement :<\/em>\u00a0L\u2019Utilisateur a le droit de limiter le traitement de ses donn\u00e9es personnelles. L\u2019Utilisateur a le droit d\u2019obtenir la limitation du traitement lorsqu\u2019il conteste l\u2019exactitude de ses donn\u00e9es personnelles ; le traitement est illicite\u00a0; le responsable du traitement n\u2019a plus besoin des donn\u00e9es \u00e0 caract\u00e8re personnel, mais l\u2019utilisateur en a besoin pour faire valoir ses droits ; et lorsque l\u2019Utilisateur s\u2019est oppos\u00e9 au traitement.<\/li><li><em>Droit \u00e0 la portabilit\u00e9 des donn\u00e9es :<\/em>\u00a0Dans le cas o\u00f9 le traitement est effectu\u00e9 par des moyens automatis\u00e9s, l\u2019Utilisateur aura le droit de recevoir du Responsable du traitement ses donn\u00e9es personnelles dans un format structur\u00e9, couramment utilis\u00e9 et lisible par machine, et de les transmettre \u00e0 un autre responsable du traitement. Dans la mesure o\u00f9 cela est techniquement possible, le responsable du traitement transmettra les donn\u00e9es directement \u00e0 cet autre responsable du traitement.<\/li><li><em>Droit d\u2019opposition :<\/em>\u00a0L\u2019utilisateur a le droit de ne pas effectuer le traitement de ses donn\u00e9es personnelles ou de transf\u00e9rer le traitement de celles-ci par PACKAGING ARTESANS SL.<\/li><li><em>Droit de ne pas faire l\u2019objet d\u2019une d\u00e9cision fond\u00e9e uniquement sur un traitement automatis\u00e9, y compris le profilage :<\/em>\u00a0L\u2019utilisateur a le droit de ne pas faire l\u2019objet d\u2019une d\u00e9cision individualis\u00e9e fond\u00e9e uniquement sur le traitement automatis\u00e9 de ses donn\u00e9es personnelles, y compris le profilage, \u00e0 moins que la l\u00e9gislation en vigueur n\u2019en dispose autrement.<\/li><\/ul><p>Ainsi, l\u2019Utilisateur peut exercer ses droits par communication \u00e9crite adress\u00e9e au Responsable du traitement avec la r\u00e9f\u00e9rence \u00ab RGPD-https\u00a0:\/\/embalatgesartesans.com\/ \u00bb, en pr\u00e9cisant :<\/p><ul><li>Nom, apellidos del Usuario y copia del DNI. Dans les cas o\u00f9 la repr\u00e9sentation est admise, l\u2019identification par le m\u00eame moyen de la personne repr\u00e9sentant l\u2019Utilisateur sera \u00e9galement n\u00e9cessaire, ainsi que le document accr\u00e9ditant la repr\u00e9sentation. La photocopie de la carte d\u2019identit\u00e9 peut \u00eatre remplac\u00e9e par tout autre moyen valable en droit qui prouve l\u2019identit\u00e9.<\/li><li>Demande avec les raisons sp\u00e9cifiques de la demande ou des informations auxquelles vous souhaitez acc\u00e9der.<\/li><li>Adresse \u00e0 des fins de notification.<\/li><li>Date et signature du demandeur.<\/li><li>Tout document qui prouve la demande que vous faites.<\/li><\/ul><p>Cette demande et tout autre document joint peuvent \u00eatre envoy\u00e9s \u00e0 l\u2019adresse et\/ou \u00e0 l\u2019adresse \u00e9lectronique suivante :<\/p><p>Adresse postale : EUGENI D\u2019ORS 37<\/p><p>Courriel : info@embalatgesartesans.com<\/p><h4>Liens vers des sites Web tiers<\/h4><p>Le site Web peut inclure des hyperliens ou des liens qui permettent d\u2019acc\u00e9der \u00e0 des pages Web de tiers autres que PACKAGING ARTESANS SL, et qui ne sont donc pas exploit\u00e9s par PACKAGING ARTESANS SL. Les propri\u00e9taires de ces sites Web auront leurs propres politiques de protection des donn\u00e9es, \u00e9tant eux-m\u00eames, dans chaque cas, responsables de leurs propres fichiers et de leurs propres pratiques en mati\u00e8re de confidentialit\u00e9.<\/p><h4>R\u00e9clamations devant l\u2019autorit\u00e9 de contr\u00f4le<\/h4><p>Dans le cas o\u00f9 l\u2019Utilisateur consid\u00e8re qu\u2019il existe un probl\u00e8me ou une violation de la r\u00e9glementation en vigueur dans la mani\u00e8re dont ses donn\u00e9es personnelles sont trait\u00e9es, il aura le droit de b\u00e9n\u00e9ficier d\u2019une protection juridictionnelle effective et de d\u00e9poser une r\u00e9clamation aupr\u00e8s d\u2019une autorit\u00e9 de contr\u00f4le, en particulier dans l\u2019\u00c9tat dans lequel il a sa r\u00e9sidence habituelle, lieu de travail ou lieu d\u2019infraction pr\u00e9sum\u00e9e. Dans le cas de l\u2019Espagne, l\u2019autorit\u00e9 de contr\u00f4le est l\u2019Agence espagnole de protection des donn\u00e9es (https:\/\/www.aepd.es\/).<\/p><h3>II. ACCEPTATION ET MODIFICATIONS DE LA PR\u00c9SENTE POLITIQUE DE CONFIDENTIALIT\u00c9<\/h3><p>Il est n\u00e9cessaire que l\u2019utilisateur ait lu et accepte les conditions de protection des donn\u00e9es personnelles contenues dans la pr\u00e9sente politique de confidentialit\u00e9, ainsi que qu\u2019il accepte le traitement de ses donn\u00e9es personnelles afin que le responsable du traitement puisse y proc\u00e9der sous la forme, dans les d\u00e9lais et aux fins indiqu\u00e9es. L\u2019utilisation du site Web impliquera l\u2019acceptation de la politique de confidentialit\u00e9 de celui-ci.<\/p><p>PACKAGING ARTESANS SL se r\u00e9serve le droit de modifier sa politique de confidentialit\u00e9, selon ses propres crit\u00e8res, ou motiv\u00e9 par un changement l\u00e9gislatif, jurisprudentiel ou doctrinal de l\u2019Agence espagnole de protection des donn\u00e9es. Les modifications ou mises \u00e0 jour de la pr\u00e9sente Politique de confidentialit\u00e9 ne seront pas explicitement notifi\u00e9es \u00e0 l\u2019Utilisateur. Il est recommand\u00e9 \u00e0 l\u2019Utilisateur de consulter p\u00e9riodiquement cette page pour prendre connaissance des derni\u00e8res modifications ou mises \u00e0 jour.<\/p><p>Cette politique de confidentialit\u00e9 a \u00e9t\u00e9 mise \u00e0 jour pour s\u2019adapter au r\u00e8glement (UE) 2016\/679 du Parlement europ\u00e9en et du Conseil, du 27 avril 2016, relatif \u00e0 la protection des personnes physiques \u00e0 l\u2019\u00e9gard du traitement des donn\u00e9es \u00e0 caract\u00e8re personnel et \u00e0 la libre circulation de ces donn\u00e9es (RGPD) et \u00e0 la loi organique 3\/2018, du 5 d\u00e9cembre, sur la protection des donn\u00e9es personnelles et la garantie des droits num\u00e9riques.<\/p>\t\t\t\t\t\t<\/div>\n\t\t\t\t<\/div>\n\t\t\t\t\t<\/div>\n\t\t\t\t<\/div>\n\t\t\t\t<\/div>\n\t\t","protected":false},"excerpt":{"rendered":"<p>POLITIQUE DE CONFIDENTIALIT\u00c9 DU SITE WEB https:\/\/embalatgesartesans.com\/ I. POLITIQUE DE CONFIDENTIALIT\u00c9 ET DE PROTECTION DES DONN\u00c9ES Dans le respect des dispositions de la l\u00e9gislation en vigueur, PACKAGING ARTESANS SL (ci-apr\u00e8s, \u00e9galement le site Web) s\u2019engage \u00e0 adopter les mesures techniques et organisationnelles n\u00e9cessaires, en fonction du niveau de s\u00e9curit\u00e9 ad\u00e9quat au risque des donn\u00e9es collect\u00e9es. [&hellip;]<\/p>\n","protected":false},"author":1,"featured_media":0,"parent":0,"menu_order":8,"comment_status":"closed","ping_status":"closed","template":"","meta":{"footnotes":""},"class_list":["post-46","page","type-page","status-publish","hentry"],"_links":{"self":[{"href":"https:\/\/embalatgesartesans.com\/fr\/wp-json\/wp\/v2\/pages\/46","targetHints":{"allow":["GET"]}}],"collection":[{"href":"https:\/\/embalatgesartesans.com\/fr\/wp-json\/wp\/v2\/pages"}],"about":[{"href":"https:\/\/embalatgesartesans.com\/fr\/wp-json\/wp\/v2\/types\/page"}],"author":[{"embeddable":true,"href":"https:\/\/embalatgesartesans.com\/fr\/wp-json\/wp\/v2\/users\/1"}],"replies":[{"embeddable":true,"href":"https:\/\/embalatgesartesans.com\/fr\/wp-json\/wp\/v2\/comments?post=46"}],"version-history":[{"count":11,"href":"https:\/\/embalatgesartesans.com\/fr\/wp-json\/wp\/v2\/pages\/46\/revisions"}],"predecessor-version":[{"id":1292,"href":"https:\/\/embalatgesartesans.com\/fr\/wp-json\/wp\/v2\/pages\/46\/revisions\/1292"}],"wp:attachment":[{"href":"https:\/\/embalatgesartesans.com\/fr\/wp-json\/wp\/v2\/media?parent=46"}],"curies":[{"name":"wp","href":"https:\/\/api.w.org\/{rel}","templated":true}]}}