{"id":51,"date":"2023-12-13T09:25:52","date_gmt":"2023-12-13T08:25:52","guid":{"rendered":"http:\/\/embalatgesartesans.com\/politica-de-cookies\/"},"modified":"2023-12-22T12:33:02","modified_gmt":"2023-12-22T11:33:02","slug":"politique-en-matiere-de-cookies","status":"publish","type":"page","link":"https:\/\/embalatgesartesans.com\/fr\/politique-en-matiere-de-cookies\/","title":{"rendered":"Politique en mati\u00e8re de cookies"},"content":{"rendered":"\t\t<div data-elementor-type=\"wp-page\" data-elementor-id=\"51\" class=\"elementor elementor-51 elementor-48\" data-elementor-post-type=\"page\">\n\t\t\t\t<div class=\"elementor-element elementor-element-efbb4fb e-flex e-con-boxed e-con e-parent\" data-id=\"efbb4fb\" data-element_type=\"container\" data-e-type=\"container\">\n\t\t\t\t\t<div class=\"e-con-inner\">\n\t\t\t\t<div class=\"elementor-element elementor-element-bde2ec4 elementor-widget elementor-widget-text-editor\" data-id=\"bde2ec4\" data-element_type=\"widget\" data-e-type=\"widget\" data-widget_type=\"text-editor.default\">\n\t\t\t\t<div class=\"elementor-widget-container\">\n\t\t\t\t\t\t\t\t\t<h2>POLITIQUE EN MATI\u00c8RE DE COOKIES<\/h2><h4>https:\/\/embalatgesartesans.com\/<\/h4><p>L\u2019acc\u00e8s \u00e0 ce site Web peut impliquer l\u2019utilisation de cookies. Les cookies sont de petites quantit\u00e9s d\u2019informations qui sont stock\u00e9es dans le navigateur utilis\u00e9 par chaque utilisateur \u2013 sur les diff\u00e9rents appareils qu\u2019il peut utiliser pour naviguer \u2013 afin que le serveur se souvienne de certaines informations qui ne seront ensuite lues que par le serveur qui les a mises en \u0153uvre. Les cookies rendent la navigation plus facile, plus conviviale et n\u2019endommagent pas votre appareil de navigation.<\/p><p>Les cookies sont des proc\u00e9dures automatiques de collecte d\u2019informations relatives aux pr\u00e9f\u00e9rences d\u00e9termin\u00e9es par l\u2019utilisateur lors de sa visite sur le site Web afin de le reconna\u00eetre en tant qu\u2019utilisateur et de personnaliser son exp\u00e9rience et son utilisation du site Web, et ils peuvent \u00e9galement, par exemple, aider \u00e0 identifier et \u00e0 r\u00e9soudre les erreurs.<\/p><p>Les informations collect\u00e9es par le biais des cookies peuvent inclure la date et l\u2019heure des visites sur le site Web, les pages consult\u00e9es, le temps pass\u00e9 sur le site Web et les sites visit\u00e9s juste avant et apr\u00e8s le site Web. Cependant, aucun cookie ne permet \u00e0 l\u2019Utilisateur de contacter le num\u00e9ro de t\u00e9l\u00e9phone de l\u2019Utilisateur ou tout autre moyen de contact personnel. Aucun cookie ne peut extraire des informations du disque dur de l\u2019Utilisateur ou voler des informations personnelles. La seule fa\u00e7on pour que les informations priv\u00e9es de l\u2019utilisateur fassent partie du fichier cookie est que l\u2019utilisateur donne personnellement ces informations au serveur.<\/p><p>Les cookies qui permettent d\u2019identifier un individu sont consid\u00e9r\u00e9s comme des donn\u00e9es personnelles. Par cons\u00e9quent, la politique de confidentialit\u00e9 d\u00e9crite ci-dessus s\u2019appliquera \u00e0 eux. En ce sens, le consentement de l\u2019utilisateur sera requis pour l\u2019utilisation de celui-ci. Ce consentement sera communiqu\u00e9, sur la base d\u2019un choix authentique, offert par une d\u00e9cision affirmative et positive, avant le traitement initial, amovible et document\u00e9.<\/p><h4>Cookies internes<\/h4><p>Il s\u2019agit de cookies qui sont envoy\u00e9s \u00e0 l\u2019ordinateur ou \u00e0 l\u2019appareil de l\u2019utilisateur et g\u00e9r\u00e9s exclusivement par EMBALATGES ARTESANS SL pour le meilleur fonctionnement du site Web. Les informations recueillies sont utilis\u00e9es pour am\u00e9liorer la qualit\u00e9 du site Web et de son contenu ainsi que votre exp\u00e9rience utilisateur. Ces cookies permettent de reconna\u00eetre l\u2019Utilisateur en tant que visiteur r\u00e9current du Site et d\u2019adapter le contenu pour lui proposer un contenu adapt\u00e9 \u00e0 ses pr\u00e9f\u00e9rences.<\/p><h4>Cookies de tiers<\/h4><p>Il s\u2019agit de cookies utilis\u00e9s et g\u00e9r\u00e9s par des entit\u00e9s externes qui fournissent \u00e0 EMBALATGES ARTESANS SL les services demand\u00e9s par celle-ci pour am\u00e9liorer le site Web et l\u2019exp\u00e9rience de l\u2019utilisateur lors de la navigation sur le site Web. Les principales finalit\u00e9s pour lesquelles les cookies tiers sont utilis\u00e9s sont d\u2019obtenir des statistiques d\u2019acc\u00e8s et d\u2019analyser les informations de navigation, c\u2019est-\u00e0-dire la mani\u00e8re dont l\u2019utilisateur interagit avec le site Web.<\/p><p>Les informations obtenues se r\u00e9f\u00e8rent, par exemple, au nombre de pages visit\u00e9es, \u00e0 la langue, au lieu de l\u2019adresse IP \u00e0 partir de laquelle l\u2019utilisateur acc\u00e8de, au nombre d\u2019utilisateurs consult\u00e9s, \u00e0 la fr\u00e9quence et \u00e0 la r\u00e9currence des visites, \u00e0 l\u2019heure de la visite, au navigateur utilis\u00e9, \u00e0 l\u2019op\u00e9rateur ou au type d\u2019appareil \u00e0 partir duquel la visite est effectu\u00e9e. Ces informations sont utilis\u00e9es pour am\u00e9liorer le site Web et d\u00e9tecter de nouveaux besoins afin d\u2019offrir aux utilisateurs un contenu et\/ou un service de la plus haute qualit\u00e9. Dans tous les cas, les informations sont collect\u00e9es de mani\u00e8re anonyme et des rapports sont \u00e9tablis sur les tendances du site Web sans identifier les utilisateurs individuels.<\/p><p>Vous pouvez obtenir plus d\u2019informations sur les cookies, des informations sur la confidentialit\u00e9, ou consulter la description du type de cookies utilis\u00e9s, leurs principales caract\u00e9ristiques, leur p\u00e9riode d\u2019expiration, etc. sur le(s) lien(s) suivant(s) :<\/p><p>https:\/\/developers.google.com\/analytics<\/p><p>La ou les entit\u00e9s charg\u00e9es de fournir les cookies peuvent divulguer ces informations \u00e0 des tiers, \u00e0 condition que cela soit requis par la loi ou que ces informations soient trait\u00e9es par un tiers pour ces entit\u00e9s.<\/p><h4>D\u00e9sactiver, refuser et supprimer les cookies<\/h4><p>L\u2019utilisateur peut d\u00e9sactiver, refuser et supprimer les cookies \u2013 en tout ou en partie \u2013 install\u00e9s sur son appareil via les param\u00e8tres de son navigateur (y compris, par exemple, Chrome, Firefox, Safari, Explorer). \u00c0 cet \u00e9gard, les proc\u00e9dures de refus et de suppression des cookies peuvent diff\u00e9rer d\u2019un navigateur Internet \u00e0 l\u2019autre. En cons\u00e9quence, l\u2019Utilisateur doit se r\u00e9f\u00e9rer aux instructions fournies par le navigateur Internet qu\u2019il utilise. Dans le cas o\u00f9 vous refusez l\u2019utilisation de cookies \u2013 en tout ou en partie \u2013 vous pouvez continuer \u00e0 utiliser le site Web, bien que vous puissiez \u00eatre limit\u00e9 dans l\u2019utilisation de certaines de ses fonctionnalit\u00e9s.<\/p><p>Ce document de politique en mati\u00e8re de cookies a \u00e9t\u00e9 cr\u00e9\u00e9 \u00e0 l\u2019aide du g\u00e9n\u00e9rateur\u00a0<a href=\"https:\/\/textos-legales.edgartamarit.com\/\" target=\"_blank\" rel=\"noopener\">gratuit de mod\u00e8les de politique en mati\u00e8re de cookies Web<\/a>\u00a0en ligne le 21\/12\/2023.<\/p>\t\t\t\t\t\t\t\t<\/div>\n\t\t\t\t<\/div>\n\t\t\t\t\t<\/div>\n\t\t\t\t<\/div>\n\t\t\t\t<\/div>\n\t\t","protected":false},"excerpt":{"rendered":"<p>POLITIQUE EN MATI\u00c8RE DE COOKIES https:\/\/embalatgesartesans.com\/ L\u2019acc\u00e8s \u00e0 ce site Web peut impliquer l\u2019utilisation de cookies. Les cookies sont de petites quantit\u00e9s d\u2019informations qui sont stock\u00e9es dans le navigateur utilis\u00e9 par chaque utilisateur \u2013 sur les diff\u00e9rents appareils qu\u2019il peut utiliser pour naviguer \u2013 afin que le serveur se souvienne de certaines informations qui ne [&hellip;]<\/p>\n","protected":false},"author":1,"featured_media":0,"parent":0,"menu_order":9,"comment_status":"closed","ping_status":"closed","template":"","meta":{"footnotes":""},"class_list":["post-51","page","type-page","status-publish","hentry"],"_links":{"self":[{"href":"https:\/\/embalatgesartesans.com\/fr\/wp-json\/wp\/v2\/pages\/51","targetHints":{"allow":["GET"]}}],"collection":[{"href":"https:\/\/embalatgesartesans.com\/fr\/wp-json\/wp\/v2\/pages"}],"about":[{"href":"https:\/\/embalatgesartesans.com\/fr\/wp-json\/wp\/v2\/types\/page"}],"author":[{"embeddable":true,"href":"https:\/\/embalatgesartesans.com\/fr\/wp-json\/wp\/v2\/users\/1"}],"replies":[{"embeddable":true,"href":"https:\/\/embalatgesartesans.com\/fr\/wp-json\/wp\/v2\/comments?post=51"}],"version-history":[{"count":8,"href":"https:\/\/embalatgesartesans.com\/fr\/wp-json\/wp\/v2\/pages\/51\/revisions"}],"predecessor-version":[{"id":1293,"href":"https:\/\/embalatgesartesans.com\/fr\/wp-json\/wp\/v2\/pages\/51\/revisions\/1293"}],"wp:attachment":[{"href":"https:\/\/embalatgesartesans.com\/fr\/wp-json\/wp\/v2\/media?parent=51"}],"curies":[{"name":"wp","href":"https:\/\/api.w.org\/{rel}","templated":true}]}}