{"id":64,"date":"2023-12-13T09:26:33","date_gmt":"2023-12-13T08:26:33","guid":{"rendered":"http:\/\/embalatgesartesans.com\/accessibilitat\/"},"modified":"2023-12-22T12:31:18","modified_gmt":"2023-12-22T11:31:18","slug":"accessibilite","status":"publish","type":"page","link":"https:\/\/embalatgesartesans.com\/fr\/accessibilite\/","title":{"rendered":"Accessibilit\u00e9"},"content":{"rendered":"\t\t<div data-elementor-type=\"wp-page\" data-elementor-id=\"64\" class=\"elementor elementor-64 elementor-61\" data-elementor-post-type=\"page\">\n\t\t\t\t<div class=\"elementor-element elementor-element-9f39248 e-flex e-con-boxed e-con e-parent\" data-id=\"9f39248\" data-element_type=\"container\" data-settings=\"{&quot;content_width&quot;:&quot;boxed&quot;}\" data-core-v316-plus=\"true\">\n\t\t\t\t\t<div class=\"e-con-inner\">\n\t\t\t\t<div class=\"elementor-element elementor-element-3096e97 elementor-widget elementor-widget-text-editor\" data-id=\"3096e97\" data-element_type=\"widget\" data-widget_type=\"text-editor.default\">\n\t\t\t\t<div class=\"elementor-widget-container\">\n\t\t\t<style>\/*! elementor - v3.19.0 - 07-02-2024 *\/\n.elementor-widget-text-editor.elementor-drop-cap-view-stacked .elementor-drop-cap{background-color:#69727d;color:#fff}.elementor-widget-text-editor.elementor-drop-cap-view-framed .elementor-drop-cap{color:#69727d;border:3px solid;background-color:transparent}.elementor-widget-text-editor:not(.elementor-drop-cap-view-default) .elementor-drop-cap{margin-top:8px}.elementor-widget-text-editor:not(.elementor-drop-cap-view-default) .elementor-drop-cap-letter{width:1em;height:1em}.elementor-widget-text-editor .elementor-drop-cap{float:left;text-align:center;line-height:1;font-size:50px}.elementor-widget-text-editor .elementor-drop-cap-letter{display:inline-block}<\/style>\t\t\t\t<p><strong>D\u00c9CLARATION D&rsquo;ACCESSIBILIT\u00c9<\/strong><\/p><p>Embalatges Artesans SL s&rsquo;engage \u00e0 rendre accessible votre site web, embalatgesartesans.com, \u00e0 tous les utilisateurs, y compris aux personnes handicap\u00e9es. Nous nous engageons \u00e0 garantir que notre site web est conforme aux lignes directrices d&rsquo;accessibilit\u00e9 Web niveau AA de la WCAG 2.1.<\/p><p><strong>STATUT DE CONFORMIT\u00c9<\/strong><\/p><p>Les Lignes directrices d&rsquo;accessibilit\u00e9 pour le contenu Web (WCAG) d\u00e9finissent les exigences pour les concepteurs et d\u00e9veloppeurs afin d&rsquo;am\u00e9liorer l&rsquo;accessibilit\u00e9 pour les personnes handicap\u00e9es. Trois niveaux de conformit\u00e9 sont d\u00e9finis : Niveau A, Niveau AA et Niveau AAA. organicsoul.es est partiellement conforme \u00e0 la WCAG 2.1 Niveau AA. Partiellement conforme signifie que certaines parties du contenu ne sont pas enti\u00e8rement conformes \u00e0 la norme d&rsquo;accessibilit\u00e9.<\/p><p><strong>CONTENU NON ACCESSIBLE<\/strong><\/p><p>Des documents bureautiques au format PDF et autres formats peuvent ne pas r\u00e9pondre compl\u00e8tement aux exigences d&rsquo;accessibilit\u00e9. Des documents enti\u00e8rement accessibles peuvent \u00eatre demand\u00e9s via le formulaire de contact.<\/p><p>Des erreurs de code ponctuelles peuvent exister sur certaines pages web.<\/p><p><strong>COMMENTAIRES<\/strong><\/p><p>Nous nous engageons \u00e0 continuer \u00e0 am\u00e9liorer l&rsquo;accessibilit\u00e9 de notre site web pour le rendre accessible \u00e0 tous. Si vous avez des questions ou des suggestions, n&rsquo;h\u00e9sitez pas \u00e0 nous contacter.<\/p><p>Signature : Embalatges Artesans<br \/>Date : 10 septembre 2023<\/p>\t\t\t\t\t\t<\/div>\n\t\t\t\t<\/div>\n\t\t\t\t\t<\/div>\n\t\t\t\t<\/div>\n\t\t\t\t<\/div>\n\t\t","protected":false},"excerpt":{"rendered":"<p>D\u00c9CLARATION D&rsquo;ACCESSIBILIT\u00c9 Embalatges Artesans SL s&rsquo;engage \u00e0 rendre accessible votre site web, embalatgesartesans.com, \u00e0 tous les utilisateurs, y compris aux personnes handicap\u00e9es. Nous nous engageons \u00e0 garantir que notre site web est conforme aux lignes directrices d&rsquo;accessibilit\u00e9 Web niveau AA de la WCAG 2.1. STATUT DE CONFORMIT\u00c9 Les Lignes directrices d&rsquo;accessibilit\u00e9 pour le contenu Web [&hellip;]<\/p>\n","protected":false},"author":1,"featured_media":0,"parent":0,"menu_order":10,"comment_status":"closed","ping_status":"closed","template":"","meta":{"footnotes":""},"class_list":["post-64","page","type-page","status-publish","hentry"],"_links":{"self":[{"href":"https:\/\/embalatgesartesans.com\/fr\/wp-json\/wp\/v2\/pages\/64","targetHints":{"allow":["GET"]}}],"collection":[{"href":"https:\/\/embalatgesartesans.com\/fr\/wp-json\/wp\/v2\/pages"}],"about":[{"href":"https:\/\/embalatgesartesans.com\/fr\/wp-json\/wp\/v2\/types\/page"}],"author":[{"embeddable":true,"href":"https:\/\/embalatgesartesans.com\/fr\/wp-json\/wp\/v2\/users\/1"}],"replies":[{"embeddable":true,"href":"https:\/\/embalatgesartesans.com\/fr\/wp-json\/wp\/v2\/comments?post=64"}],"version-history":[{"count":8,"href":"https:\/\/embalatgesartesans.com\/fr\/wp-json\/wp\/v2\/pages\/64\/revisions"}],"predecessor-version":[{"id":1290,"href":"https:\/\/embalatgesartesans.com\/fr\/wp-json\/wp\/v2\/pages\/64\/revisions\/1290"}],"wp:attachment":[{"href":"https:\/\/embalatgesartesans.com\/fr\/wp-json\/wp\/v2\/media?parent=64"}],"curies":[{"name":"wp","href":"https:\/\/api.w.org\/{rel}","templated":true}]}}